{"id":9354,"date":"2018-08-13T17:27:14","date_gmt":"2018-08-13T17:27:14","guid":{"rendered":"https:\/\/www.intrasonictechnology.com\/i2000\/estacion-de-puerta-delantera-i2000d\/"},"modified":"2026-03-19T11:30:03","modified_gmt":"2026-03-19T11:30:03","slug":"estacion-de-puerta-delantera-i2000d","status":"publish","type":"page","link":"https:\/\/www.intrasonictechnology.com\/es\/sistemas-de-intercomunicacion-en-casa\/i2000\/estacion-de-puerta-delantera-i2000d\/","title":{"rendered":"Estaci\u00f3n de puerta delantera I2000D"},"content":{"rendered":"<h2>Estaci\u00f3n de puerta delantera I2000D<\/h2>\n<ul>\n<li>La estaci\u00f3n de la puerta delantera est\u00e1 conectada directamente a la unidad principal<\/li>\n<li>Se puede responder desde cualquier puesto de la sala<\/li>\n<li>Una vez que se pulsa el bot\u00f3n de hablar una vez es \u00abmanos libres\u00bb<\/li>\n<li>Elecci\u00f3n de 5 timbres diferentes<\/li>\n<li>Disponible en blanco, almendra y negro (pl\u00e1stico resistente a la intemperie)<\/li>\n<li>Estaciones de puerta met\u00e1licas disponibles en oro antiguo, n\u00edquel y bronce aceitado<\/li>\n<\/ul>\n<p>*La estaci\u00f3n de la puerta delantera puede instalarse en una caja de 2 gangs<\/p>\n<p><a href=\"https:\/\/www.intrasonictechnology.com\/es\/sistemas-de-intercomunicacion-en-casa\/i2000\/estacion-de-patio-i2000\/\">Estaci\u00f3n de Patio I2000 \u25b8<\/a><\/p>\n<h3><a href=\"https:\/\/www.intrasonictechnology.com\/es\/buscar-un-distribuidor\/\"><img decoding=\"async\" width=\"431\" height=\"105\" class=\"alignnone size-full wp-image-8860 lazyload\" data-src=\"https:\/\/www.intrasonictechnology.com\/wp-content\/uploads\/purchase-button.png\" alt=\"\" data-srcset=\"https:\/\/www.intrasonictechnology.com\/wp-content\/uploads\/purchase-button.png 431w, https:\/\/www.intrasonictechnology.com\/wp-content\/uploads\/purchase-button-250x61.png 250w, https:\/\/www.intrasonictechnology.com\/wp-content\/uploads\/purchase-button-120x29.png 120w\" data-sizes=\"(max-width: 431px) 100vw, 431px\" src=\"data:image\/svg+xml;base64,PHN2ZyB3aWR0aD0iMSIgaGVpZ2h0PSIxIiB4bWxucz0iaHR0cDovL3d3dy53My5vcmcvMjAwMC9zdmciPjwvc3ZnPg==\" style=\"--smush-placeholder-width: 431px; --smush-placeholder-aspect-ratio: 431\/105;\" \/><\/a><\/h3>\n","protected":false},"excerpt":{"rendered":"Estaci\u00f3n de puerta delantera I2000D La estaci\u00f3n de la puerta delantera est\u00e1 conectada directamente a la unidad principal Se puede responder desde cualquier puesto de la sala Una vez que se pulsa el bot\u00f3n de hablar una vez es \u00abmanos libres\u00bb Elecci\u00f3n de 5 timbres diferentes Disponible en blanco, almendra y negro (pl\u00e1stico resistente a&hellip;<!-- READ MORE TEXT HERE -->","protected":false},"author":1,"featured_media":0,"parent":9348,"menu_order":0,"comment_status":"closed","ping_status":"closed","template":"","meta":{"_acf_changed":false,"om_disable_all_campaigns":false,"_monsterinsights_skip_tracking":false,"_monsterinsights_sitenote_active":false,"_monsterinsights_sitenote_note":"","_monsterinsights_sitenote_category":0,"footnotes":""},"class_list":["post-9354","page","type-page","status-publish","hentry"],"acf":[],"aioseo_notices":[],"_links":{"self":[{"href":"https:\/\/www.intrasonictechnology.com\/es\/wp-json\/wp\/v2\/pages\/9354","targetHints":{"allow":["GET"]}}],"collection":[{"href":"https:\/\/www.intrasonictechnology.com\/es\/wp-json\/wp\/v2\/pages"}],"about":[{"href":"https:\/\/www.intrasonictechnology.com\/es\/wp-json\/wp\/v2\/types\/page"}],"author":[{"embeddable":true,"href":"https:\/\/www.intrasonictechnology.com\/es\/wp-json\/wp\/v2\/users\/1"}],"replies":[{"embeddable":true,"href":"https:\/\/www.intrasonictechnology.com\/es\/wp-json\/wp\/v2\/comments?post=9354"}],"version-history":[{"count":0,"href":"https:\/\/www.intrasonictechnology.com\/es\/wp-json\/wp\/v2\/pages\/9354\/revisions"}],"up":[{"embeddable":true,"href":"https:\/\/www.intrasonictechnology.com\/es\/wp-json\/wp\/v2\/pages\/9348"}],"wp:attachment":[{"href":"https:\/\/www.intrasonictechnology.com\/es\/wp-json\/wp\/v2\/media?parent=9354"}],"curies":[{"name":"wp","href":"https:\/\/api.w.org\/{rel}","templated":true}]}}