{"id":9352,"date":"2018-08-13T17:27:23","date_gmt":"2018-08-13T17:27:23","guid":{"rendered":"https:\/\/www.intrasonictechnology.com\/i2000\/estacion-de-patio-i2000\/"},"modified":"2026-03-19T11:29:44","modified_gmt":"2026-03-19T11:29:44","slug":"estacion-de-patio-i2000","status":"publish","type":"page","link":"https:\/\/www.intrasonictechnology.com\/es\/sistemas-de-intercomunicacion-en-casa\/i2000\/estacion-de-patio-i2000\/","title":{"rendered":"Estaci\u00f3n de Patio I2000"},"content":{"rendered":"<h2>Estaci\u00f3n de Patio I2000P:<\/h2>\n<p>Estaci\u00f3n resistente a la intemperie con funcionalidad Room Station dise\u00f1ada para su instalaci\u00f3n en exteriores en zonas protegidas como un patio o un porche. Se pueden a\u00f1adir <a href=\"https:\/\/www.intrasonictechnology.com\/speakers\/outdoor-speakers\/\">altavoces de exterior <\/a>\u00abbajo el alero\u00bb o <a href=\"https:\/\/www.intrasonictechnology.com\/speakers\/outdoor-speakers\/\">altavoces de roca<\/a>. Disponible en blanco, negro o almendra. Elija cualquier color para combinar con su patio exterior.<\/p>\n<p>*La estaci\u00f3n de patio puede instalarse en una caja de 2 gangs (sugerimos la serie Carlon B232 o BH235)<\/p>\n<p>Dimensiones: 6 1\/4&#8243; W x 4 7\/8&#8243; H x 1&#8243; D<\/p>\n<p><a href=\"https:\/\/www.intrasonictechnology.com\/es\/sistemas-de-intercomunicacion-en-casa\/i2000\/unidad-maestra-i2000\/\">Unidad maestra I2000 \u25b8<\/a><\/p>\n<h3><a href=\"https:\/\/www.intrasonictechnology.com\/es\/buscar-un-distribuidor\/\"><img decoding=\"async\" width=\"431\" height=\"105\" class=\"alignnone size-full wp-image-8860 lazyload\" data-src=\"https:\/\/www.intrasonictechnology.com\/wp-content\/uploads\/purchase-button.png\" alt=\"\" data-srcset=\"https:\/\/www.intrasonictechnology.com\/wp-content\/uploads\/purchase-button.png 431w, https:\/\/www.intrasonictechnology.com\/wp-content\/uploads\/purchase-button-250x61.png 250w, https:\/\/www.intrasonictechnology.com\/wp-content\/uploads\/purchase-button-120x29.png 120w\" data-sizes=\"(max-width: 431px) 100vw, 431px\" src=\"data:image\/svg+xml;base64,PHN2ZyB3aWR0aD0iMSIgaGVpZ2h0PSIxIiB4bWxucz0iaHR0cDovL3d3dy53My5vcmcvMjAwMC9zdmciPjwvc3ZnPg==\" style=\"--smush-placeholder-width: 431px; --smush-placeholder-aspect-ratio: 431\/105;\" \/><\/a><\/h3>\n","protected":false},"excerpt":{"rendered":"Estaci\u00f3n de Patio I2000P: Estaci\u00f3n resistente a la intemperie con funcionalidad Room Station dise\u00f1ada para su instalaci\u00f3n en exteriores en zonas protegidas como un patio o un porche. Se pueden a\u00f1adir altavoces de exterior \u00abbajo el alero\u00bb o altavoces de roca. Disponible en blanco, negro o almendra. Elija cualquier color para combinar con su patio&hellip;<!-- READ MORE TEXT HERE -->","protected":false},"author":1,"featured_media":0,"parent":9348,"menu_order":0,"comment_status":"closed","ping_status":"closed","template":"","meta":{"_acf_changed":false,"om_disable_all_campaigns":false,"_monsterinsights_skip_tracking":false,"_monsterinsights_sitenote_active":false,"_monsterinsights_sitenote_note":"","_monsterinsights_sitenote_category":0,"footnotes":""},"class_list":["post-9352","page","type-page","status-publish","hentry"],"acf":[],"aioseo_notices":[],"_links":{"self":[{"href":"https:\/\/www.intrasonictechnology.com\/es\/wp-json\/wp\/v2\/pages\/9352","targetHints":{"allow":["GET"]}}],"collection":[{"href":"https:\/\/www.intrasonictechnology.com\/es\/wp-json\/wp\/v2\/pages"}],"about":[{"href":"https:\/\/www.intrasonictechnology.com\/es\/wp-json\/wp\/v2\/types\/page"}],"author":[{"embeddable":true,"href":"https:\/\/www.intrasonictechnology.com\/es\/wp-json\/wp\/v2\/users\/1"}],"replies":[{"embeddable":true,"href":"https:\/\/www.intrasonictechnology.com\/es\/wp-json\/wp\/v2\/comments?post=9352"}],"version-history":[{"count":0,"href":"https:\/\/www.intrasonictechnology.com\/es\/wp-json\/wp\/v2\/pages\/9352\/revisions"}],"up":[{"embeddable":true,"href":"https:\/\/www.intrasonictechnology.com\/es\/wp-json\/wp\/v2\/pages\/9348"}],"wp:attachment":[{"href":"https:\/\/www.intrasonictechnology.com\/es\/wp-json\/wp\/v2\/media?parent=9352"}],"curies":[{"name":"wp","href":"https:\/\/api.w.org\/{rel}","templated":true}]}}