{"id":9350,"date":"2018-08-13T17:18:51","date_gmt":"2018-08-13T17:18:51","guid":{"rendered":"https:\/\/www.intrasonictechnology.com\/sistemas-de-intercomunicacion-en-casa\/"},"modified":"2026-03-19T11:23:31","modified_gmt":"2026-03-19T11:23:31","slug":"sistemas-de-intercomunicacion-en-casa","status":"publish","type":"page","link":"https:\/\/www.intrasonictechnology.com\/es\/sistemas-de-intercomunicacion-en-casa\/","title":{"rendered":"Interfono dom\u00e9stico"},"content":{"rendered":"<h2>Sistemas de intercomunicaci\u00f3n dom\u00e9stica con opciones de MP3, AM\/FM y Bluetooth para proyectos de nueva construcci\u00f3n y remodelaci\u00f3n<\/h2>\n<h4><em><span style=\"color: #000080;\"><strong>\u00abTop Pick\u00bb de Bob Vila \u00abLos mejores sistemas de intercomunicaci\u00f3n dom\u00e9stica de 2021\u00bb<\/strong><\/span><\/em><\/h4>\n<p><img decoding=\"async\" class=\"alignnone wp-image-9021 lazyload\" data-src=\"https:\/\/www.intrasonictechnology.com\/wp-content\/uploads\/International-Globe-Icon-1.jpg\" alt=\"\" width=\"133\" height=\"133\" data-srcset=\"https:\/\/www.intrasonictechnology.com\/wp-content\/uploads\/International-Globe-Icon-1.jpg 300w, https:\/\/www.intrasonictechnology.com\/wp-content\/uploads\/International-Globe-Icon-1-250x250.jpg 250w, https:\/\/www.intrasonictechnology.com\/wp-content\/uploads\/International-Globe-Icon-1-150x150.jpg 150w, https:\/\/www.intrasonictechnology.com\/wp-content\/uploads\/International-Globe-Icon-1-120x120.jpg 120w\" data-sizes=\"(max-width: 133px) 100vw, 133px\" src=\"data:image\/svg+xml;base64,PHN2ZyB3aWR0aD0iMSIgaGVpZ2h0PSIxIiB4bWxucz0iaHR0cDovL3d3dy53My5vcmcvMjAwMC9zdmciPjwvc3ZnPg==\" style=\"--smush-placeholder-width: 133px; --smush-placeholder-aspect-ratio: 133\/133;\" \/><\/p>\n<div class=\"wWOJcd\" tabindex=\"0\" role=\"button\" aria-controls=\"exacc_tLz8Y5ifCdquqtsPn6CRUA_2\" aria-expanded=\"true\" aria-labelledby=\"exacc_tLz8Y5ifCdquqtsPn6CRUA_1\">\n<h4 id=\"exacc_tLz8Y5ifCdquqtsPn6CRUA_1\" class=\"iDjcJe IX9Lgd wwB5gf\" aria-hidden=\"true\"><span style=\"color: #000080;\"><strong>\u00bfQu\u00e9 puedo hacer con un sistema de interfon\u00eda dom\u00e9stica antiguo?<\/strong><\/span><\/h4>\n<\/div>\n<div id=\"exacc_tLz8Y5ifCdquqtsPn6CRUA_2\" class=\"MBtdbb\" data-ved=\"2ahUKEwiYyY-z87X9AhVal2oFHR9QBAoQ7NUEegQINRAD\">\n<div class=\"ymu2Hb\">\n<div id=\"_tLz8Y5ifCdquqtsPn6CRUA_49\" class=\"t0bRye r2fjmd\" data-hveid=\"CDUQBA\" data-ved=\"2ahUKEwiYyY-z87X9AhVal2oFHR9QBAoQu04oAHoECDUQBA\">\n<div id=\"tLz8Y5ifCdquqtsPn6CRUA__33\">\n<div class=\"wDYxhc\" data-md=\"83\">\n<div class=\"di3YZe\">\n<div class=\"RqBzHd\">\n<ol class=\"X5LH0c\">\n<li class=\"TrT0Xe\"><span style=\"color: #000080;\">Que lo quiten. Si no desea en absoluto los sistemas de intercomunicaci\u00f3n para el hogar, llame a un profesional para que los retire de la vivienda. Pero, \u00bfpor qu\u00e9 no utilizar la tecnolog\u00eda integrada en el hogar? El cableado est\u00e1 ah\u00ed y se puede utilizar para m\u00fasica, intercomunicaci\u00f3n, emisi\u00f3n de emergencia.<\/span><\/li>\n<li class=\"TrT0Xe\"><span style=\"color: #000080;\">Puedes simplemente ocultarlo, pero \u00bfpor qu\u00e9 no utilizarlo?<\/span><\/li>\n<li class=\"TrT0Xe\"><span style=\"color: #000080;\">Repararlo para su uso, pero NuTone y otros fabricantes no hacen piezas y las piezas que se pueden encontrar en Internet pueden no funcionar con su sistema.<\/span><\/li>\n<li class=\"TrT0Xe\"><span style=\"color: #000080;\">Actual\u00edcelo con tecnolog\u00eda moderna<\/span><\/li>\n<li class=\"TrT0Xe\"><span style=\"color: #000080;\">Sustit\u00fayalo por un <a href=\"https:\/\/www.intrasonictechnology.com\/es\/sistemas-de-intercomunicacion-en-casa\/actualizacion-y-sustitucion-del-sistema-de-intercomunicacion-para-el-hogar-el-sistema-retro\/\">sistema de m\u00fasica e intercomunicaci\u00f3n Intrasonic<\/a>. Ahora dispondr\u00e1 de m\u00fasica MP3, capacidad Bluetooth con nuestro m\u00f3dulo adicional opcional. Reproduce f\u00e1cilmente iTunes, emisoras de radio XM y tu propia m\u00fasica personal almacenada en tu dispositivo MP3.<\/span><\/li>\n<\/ol>\n<p><a href=\"https:\/\/www.intrasonictechnology.com\/es\/sistemas-de-intercomunicacion-en-casa\/actualizacion-y-sustitucion-del-sistema-de-intercomunicacion-para-el-hogar-el-sistema-retro\/\"><img decoding=\"async\" class=\"alignnone wp-image-9762 lazyload\" data-src=\"https:\/\/www.intrasonictechnology.com\/wp-content\/uploads\/Learn-More-Button-PNG.png\" alt=\"\" width=\"130\" height=\"49\" data-srcset=\"https:\/\/www.intrasonictechnology.com\/wp-content\/uploads\/Learn-More-Button-PNG.png 820w, https:\/\/www.intrasonictechnology.com\/wp-content\/uploads\/Learn-More-Button-PNG-250x95.png 250w, https:\/\/www.intrasonictechnology.com\/wp-content\/uploads\/Learn-More-Button-PNG-700x265.png 700w, https:\/\/www.intrasonictechnology.com\/wp-content\/uploads\/Learn-More-Button-PNG-768x290.png 768w, https:\/\/www.intrasonictechnology.com\/wp-content\/uploads\/Learn-More-Button-PNG-120x45.png 120w\" data-sizes=\"(max-width: 130px) 100vw, 130px\" src=\"data:image\/svg+xml;base64,PHN2ZyB3aWR0aD0iMSIgaGVpZ2h0PSIxIiB4bWxucz0iaHR0cDovL3d3dy53My5vcmcvMjAwMC9zdmciPjwvc3ZnPg==\" style=\"--smush-placeholder-width: 130px; --smush-placeholder-aspect-ratio: 130\/49;\" \/><\/a><\/p>\n<p>&nbsp;<\/p>\n<\/div>\n<\/div>\n<\/div>\n<\/div>\n<\/div>\n<\/div>\n<\/div>\n<h4><strong><span style=\"color: #000080;\">El uso de un sistema de intercomunicaci\u00f3n en una vivienda puede ofrecer varias ventajas y comodidades. He aqu\u00ed algunas razones clave por las que es importante utilizar un sistema de intercomunicaci\u00f3n:<\/span><\/strong><\/h4>\n<ol>\n<li><span style=\"color: #000080;\">Comunicaci\u00f3n: Un sistema de intercomunicaci\u00f3n proporciona un medio c\u00f3modo y eficaz de comunicaci\u00f3n dentro de una vivienda. Tanto si tiene una residencia grande como varios pisos, le permite comunicarse f\u00e1cilmente con los miembros de la familia u otros ocupantes en diferentes habitaciones o zonas de la casa. En lugar de gritar o caminar de una habitaci\u00f3n a otra, puede utilizar el intercomunicador para transmitir mensajes o mantener conversaciones.<\/span><\/li>\n<li><span style=\"color: #000080;\">La seguridad: Los sistemas de interfono contribuyen a mejorar la seguridad del hogar. Permiten verificar la identidad de las personas antes de concederles acceso a su vivienda. Ya sea un visitante en la puerta principal, un repartidor o incluso un familiar que vuelve a casa, puede utilizar el intercomunicador para comunicarse y asegurarse de su identidad antes de abrir la puerta. Esto ayuda a evitar accesos no autorizados y posibles riesgos para la seguridad.<\/span><\/li>\n<li><span style=\"color: #000080;\">Vigilancia: Los sistemas de interfon\u00eda suelen incorporar funciones de monitorizaci\u00f3n de audio o v\u00eddeo. Esto le permite vigilar distintas zonas de su casa. Por ejemplo, puede vigilar la habitaci\u00f3n de su beb\u00e9, controlar a familiares ancianos o vigilar la entrada principal. Esta vigilancia proporciona tranquilidad y aumenta la seguridad general en el hogar.<\/span><\/li>\n<li><span style=\"color: #000080;\">Comodidad: Con un sistema de intercomunicaci\u00f3n, puede transmitir f\u00e1cilmente mensajes o llamar a los miembros de la familia a diferentes partes de la casa sin tener que desplazarse f\u00edsicamente a su ubicaci\u00f3n. Esto es especialmente \u00fatil para hogares con personas con limitaciones de movilidad o problemas de salud. Simplifica la comunicaci\u00f3n y reduce el esfuerzo necesario para transmitir la informaci\u00f3n.<\/span><\/li>\n<li><span style=\"color: #000080;\">Integraci\u00f3n con otros sistemas: Muchos sistemas de intercomunicaci\u00f3n modernos pueden integrarse con otros dispositivos y sistemas dom\u00e9sticos inteligentes, como cerraduras de puertas, Google Home, Alexa y otros dispositivos. Esta integraci\u00f3n le permite controlar diversos aspectos de su hogar a distancia o a trav\u00e9s de un panel de control central. Por ejemplo, puede responder a la llamada del interfono y desbloquear la puerta para un invitado a trav\u00e9s de la estaci\u00f3n principal.<\/span><\/li>\n<li><span style=\"color: #000080;\">Situaciones de emergencia: Los sistemas de interfon\u00eda pueden ser herramientas vitales en situaciones de emergencia. En caso de accidente, lesi\u00f3n o cualquier asunto urgente, puede comunicarse r\u00e1pidamente y con los miembros de su familia f\u00e1cilmente a trav\u00e9s de una emisi\u00f3n. Esto ahorra tiempo y garantiza que la ayuda se solicite r\u00e1pidamente.<\/span><\/li>\n<\/ol>\n<p><span style=\"color: #000080;\">En general, un sistema de intercomunicaci\u00f3n en una vivienda ofrece comodidad, seguridad y una comunicaci\u00f3n mejorada. Ayuda a agilizar las operaciones dom\u00e9sticas, proporciona tranquilidad y contribuye a un entorno vital m\u00e1s seguro y eficiente.<\/span><\/p>\n<p>&nbsp;<\/p>\n<p>&nbsp;<\/p>\n<p><img decoding=\"async\" width=\"800\" height=\"400\" class=\"alignnone size-full wp-image-9036 lazyload\" data-src=\"https:\/\/www.intrasonictechnology.com\/wp-content\/uploads\/RETRO-Features-copy-2.jpg\" alt=\"\" data-srcset=\"https:\/\/www.intrasonictechnology.com\/wp-content\/uploads\/RETRO-Features-copy-2.jpg 800w, https:\/\/www.intrasonictechnology.com\/wp-content\/uploads\/RETRO-Features-copy-2-250x125.jpg 250w, https:\/\/www.intrasonictechnology.com\/wp-content\/uploads\/RETRO-Features-copy-2-700x350.jpg 700w, https:\/\/www.intrasonictechnology.com\/wp-content\/uploads\/RETRO-Features-copy-2-768x384.jpg 768w, https:\/\/www.intrasonictechnology.com\/wp-content\/uploads\/RETRO-Features-copy-2-120x60.jpg 120w\" data-sizes=\"(max-width: 800px) 100vw, 800px\" src=\"data:image\/svg+xml;base64,PHN2ZyB3aWR0aD0iMSIgaGVpZ2h0PSIxIiB4bWxucz0iaHR0cDovL3d3dy53My5vcmcvMjAwMC9zdmciPjwvc3ZnPg==\" style=\"--smush-placeholder-width: 800px; --smush-placeholder-aspect-ratio: 800\/400;\" \/><\/p>\n<p>&nbsp;<\/p>\n","protected":false},"excerpt":{"rendered":"Sistemas de intercomunicaci\u00f3n dom\u00e9stica con opciones de MP3, AM\/FM y Bluetooth para proyectos de nueva construcci\u00f3n y remodelaci\u00f3n \u00abTop Pick\u00bb de Bob Vila \u00abLos mejores sistemas de intercomunicaci\u00f3n dom\u00e9stica de 2021\u00bb \u00bfQu\u00e9 puedo hacer con un sistema de interfon\u00eda dom\u00e9stica antiguo? Que lo quiten. Si no desea en absoluto los sistemas de intercomunicaci\u00f3n para el&hellip;<!-- READ MORE TEXT HERE -->","protected":false},"author":1,"featured_media":0,"parent":0,"menu_order":0,"comment_status":"closed","ping_status":"closed","template":"","meta":{"_acf_changed":false,"om_disable_all_campaigns":false,"_monsterinsights_skip_tracking":false,"_monsterinsights_sitenote_active":false,"_monsterinsights_sitenote_note":"","_monsterinsights_sitenote_category":0,"footnotes":""},"class_list":["post-9350","page","type-page","status-publish","hentry"],"acf":[],"aioseo_notices":[],"_links":{"self":[{"href":"https:\/\/www.intrasonictechnology.com\/es\/wp-json\/wp\/v2\/pages\/9350","targetHints":{"allow":["GET"]}}],"collection":[{"href":"https:\/\/www.intrasonictechnology.com\/es\/wp-json\/wp\/v2\/pages"}],"about":[{"href":"https:\/\/www.intrasonictechnology.com\/es\/wp-json\/wp\/v2\/types\/page"}],"author":[{"embeddable":true,"href":"https:\/\/www.intrasonictechnology.com\/es\/wp-json\/wp\/v2\/users\/1"}],"replies":[{"embeddable":true,"href":"https:\/\/www.intrasonictechnology.com\/es\/wp-json\/wp\/v2\/comments?post=9350"}],"version-history":[{"count":0,"href":"https:\/\/www.intrasonictechnology.com\/es\/wp-json\/wp\/v2\/pages\/9350\/revisions"}],"wp:attachment":[{"href":"https:\/\/www.intrasonictechnology.com\/es\/wp-json\/wp\/v2\/media?parent=9350"}],"curies":[{"name":"wp","href":"https:\/\/api.w.org\/{rel}","templated":true}]}}