{"id":9346,"date":"2018-08-13T17:28:20","date_gmt":"2018-08-13T17:28:20","guid":{"rendered":"https:\/\/www.intrasonictechnology.com\/i2000-equipamiento-opcional-bluetooth\/"},"modified":"2026-03-19T11:30:44","modified_gmt":"2026-03-19T11:30:44","slug":"i2000-equipamiento-opcional-bluetooth","status":"publish","type":"page","link":"https:\/\/www.intrasonictechnology.com\/es\/sistemas-de-intercomunicacion-en-casa\/i2000\/i2000-equipamiento-opcional-bluetooth\/","title":{"rendered":"I2000 Equipamiento opcional: Bluetooth\u00ae."},"content":{"rendered":"<h1><img decoding=\"async\" class=\"alignnone wp-image-1343 lazyload\" data-src=\"https:\/\/www.intrasonictechnology.com\/wp-content\/uploads\/bluetooth-logo-png-transparent.png\" alt=\"\" width=\"175\" height=\"54\" data-srcset=\"https:\/\/www.intrasonictechnology.com\/wp-content\/uploads\/bluetooth-logo-png-transparent.png 2400w, https:\/\/www.intrasonictechnology.com\/wp-content\/uploads\/bluetooth-logo-png-transparent-250x77.png 250w, https:\/\/www.intrasonictechnology.com\/wp-content\/uploads\/bluetooth-logo-png-transparent-700x216.png 700w, https:\/\/www.intrasonictechnology.com\/wp-content\/uploads\/bluetooth-logo-png-transparent-768x237.png 768w, https:\/\/www.intrasonictechnology.com\/wp-content\/uploads\/bluetooth-logo-png-transparent-1536x474.png 1536w, https:\/\/www.intrasonictechnology.com\/wp-content\/uploads\/bluetooth-logo-png-transparent-2048x631.png 2048w, https:\/\/www.intrasonictechnology.com\/wp-content\/uploads\/bluetooth-logo-png-transparent-120x37.png 120w, https:\/\/www.intrasonictechnology.com\/wp-content\/uploads\/bluetooth-logo-png-transparent-600x185.png 600w\" data-sizes=\"(max-width: 175px) 100vw, 175px\" src=\"data:image\/svg+xml;base64,PHN2ZyB3aWR0aD0iMSIgaGVpZ2h0PSIxIiB4bWxucz0iaHR0cDovL3d3dy53My5vcmcvMjAwMC9zdmciPjwvc3ZnPg==\" style=\"--smush-placeholder-width: 175px; --smush-placeholder-aspect-ratio: 175\/54;\" \/><\/h1>\n<h2>Receptor Bluetooth\u00ae:<\/h2>\n<p>Adaptador multiuso que activa por Bluetooth cualquier dispositivo de m\u00fasica con una toma de 3,5 mm. Transmite desde tu iPhone al sistema Retro o I2000 para reproducir tu m\u00fasica favorita en todo tu espacio vital, mientras mantienes tu tel\u00e9fono a mano. Con\u00e9ctalo a tu equipo de m\u00fasica o de cine en casa para disfrutar de la m\u00fasica digital a trav\u00e9s de tus altavoces est\u00e9reo o de sonido envolvente. Las opciones son ilimitadas. Viene con cables de alimentaci\u00f3n USB o dom\u00e9sticos.<\/p>\n<h3><a href=\"https:\/\/www.intrasonictechnology.com\/es\/buscar-un-distribuidor\/\"><img decoding=\"async\" width=\"431\" height=\"105\" class=\"alignnone size-full wp-image-8860 lazyload\" data-src=\"https:\/\/www.intrasonictechnology.com\/wp-content\/uploads\/purchase-button.png\" alt=\"\" data-srcset=\"https:\/\/www.intrasonictechnology.com\/wp-content\/uploads\/purchase-button.png 431w, https:\/\/www.intrasonictechnology.com\/wp-content\/uploads\/purchase-button-250x61.png 250w, https:\/\/www.intrasonictechnology.com\/wp-content\/uploads\/purchase-button-120x29.png 120w\" data-sizes=\"(max-width: 431px) 100vw, 431px\" src=\"data:image\/svg+xml;base64,PHN2ZyB3aWR0aD0iMSIgaGVpZ2h0PSIxIiB4bWxucz0iaHR0cDovL3d3dy53My5vcmcvMjAwMC9zdmciPjwvc3ZnPg==\" style=\"--smush-placeholder-width: 431px; --smush-placeholder-aspect-ratio: 431\/105;\" \/><\/a><\/h3>\n","protected":false},"excerpt":{"rendered":"Receptor Bluetooth\u00ae: Adaptador multiuso que activa por Bluetooth cualquier dispositivo de m\u00fasica con una toma de 3,5 mm. Transmite desde tu iPhone al sistema Retro o I2000 para reproducir tu m\u00fasica favorita en todo tu espacio vital, mientras mantienes tu tel\u00e9fono a mano. Con\u00e9ctalo a tu equipo de m\u00fasica o de cine en casa para&hellip;<!-- READ MORE TEXT HERE -->","protected":false},"author":1,"featured_media":0,"parent":9348,"menu_order":0,"comment_status":"closed","ping_status":"closed","template":"","meta":{"_acf_changed":false,"om_disable_all_campaigns":false,"_monsterinsights_skip_tracking":false,"_monsterinsights_sitenote_active":false,"_monsterinsights_sitenote_note":"","_monsterinsights_sitenote_category":0,"footnotes":""},"class_list":["post-9346","page","type-page","status-publish","hentry"],"acf":[],"aioseo_notices":[],"_links":{"self":[{"href":"https:\/\/www.intrasonictechnology.com\/es\/wp-json\/wp\/v2\/pages\/9346","targetHints":{"allow":["GET"]}}],"collection":[{"href":"https:\/\/www.intrasonictechnology.com\/es\/wp-json\/wp\/v2\/pages"}],"about":[{"href":"https:\/\/www.intrasonictechnology.com\/es\/wp-json\/wp\/v2\/types\/page"}],"author":[{"embeddable":true,"href":"https:\/\/www.intrasonictechnology.com\/es\/wp-json\/wp\/v2\/users\/1"}],"replies":[{"embeddable":true,"href":"https:\/\/www.intrasonictechnology.com\/es\/wp-json\/wp\/v2\/comments?post=9346"}],"version-history":[{"count":0,"href":"https:\/\/www.intrasonictechnology.com\/es\/wp-json\/wp\/v2\/pages\/9346\/revisions"}],"up":[{"embeddable":true,"href":"https:\/\/www.intrasonictechnology.com\/es\/wp-json\/wp\/v2\/pages\/9348"}],"wp:attachment":[{"href":"https:\/\/www.intrasonictechnology.com\/es\/wp-json\/wp\/v2\/media?parent=9346"}],"curies":[{"name":"wp","href":"https:\/\/api.w.org\/{rel}","templated":true}]}}