{"id":9343,"date":"2018-08-13T17:28:36","date_gmt":"2018-08-13T17:28:36","guid":{"rendered":"https:\/\/www.intrasonictechnology.com\/i2000-equipo-opcional-mando-a-distancia-iremote\/"},"modified":"2026-03-19T11:30:57","modified_gmt":"2026-03-19T11:30:57","slug":"i2000-equipo-opcional-mando-a-distancia-iremote","status":"publish","type":"page","link":"https:\/\/www.intrasonictechnology.com\/es\/sistemas-de-intercomunicacion-en-casa\/i2000\/i2000-equipo-opcional-mando-a-distancia-iremote\/","title":{"rendered":"I2000 Equipo opcional &#8211; Mando a distancia IREMOTE"},"content":{"rendered":"<h2>IREMOTE<\/h2>\n<p>Mando a distancia con botones de hablar\/escuchar para llamar a la habitaci\u00f3n de forma selectiva, controlar el volumen de la estaci\u00f3n principal, elegir la fuente de m\u00fasica, etc., para no tener que acercarse a la estaci\u00f3n principal para realizar estos cambios.<\/p>\n<h3><a href=\"https:\/\/www.intrasonictechnology.com\/es\/buscar-un-distribuidor\/\"><img decoding=\"async\" width=\"431\" height=\"105\" class=\"alignnone size-full wp-image-8860 lazyload\" data-src=\"https:\/\/www.intrasonictechnology.com\/wp-content\/uploads\/purchase-button.png\" alt=\"\" data-srcset=\"https:\/\/www.intrasonictechnology.com\/wp-content\/uploads\/purchase-button.png 431w, https:\/\/www.intrasonictechnology.com\/wp-content\/uploads\/purchase-button-250x61.png 250w, https:\/\/www.intrasonictechnology.com\/wp-content\/uploads\/purchase-button-120x29.png 120w\" data-sizes=\"(max-width: 431px) 100vw, 431px\" src=\"data:image\/svg+xml;base64,PHN2ZyB3aWR0aD0iMSIgaGVpZ2h0PSIxIiB4bWxucz0iaHR0cDovL3d3dy53My5vcmcvMjAwMC9zdmciPjwvc3ZnPg==\" style=\"--smush-placeholder-width: 431px; --smush-placeholder-aspect-ratio: 431\/105;\" \/><\/a><\/h3>\n","protected":false},"excerpt":{"rendered":"IREMOTE Mando a distancia con botones de hablar\/escuchar para llamar a la habitaci\u00f3n de forma selectiva, controlar el volumen de la estaci\u00f3n principal, elegir la fuente de m\u00fasica, etc., para no tener que acercarse a la estaci\u00f3n principal para realizar estos cambios.","protected":false},"author":1,"featured_media":0,"parent":9348,"menu_order":0,"comment_status":"closed","ping_status":"closed","template":"","meta":{"_acf_changed":false,"om_disable_all_campaigns":false,"_monsterinsights_skip_tracking":false,"_monsterinsights_sitenote_active":false,"_monsterinsights_sitenote_note":"","_monsterinsights_sitenote_category":0,"footnotes":""},"class_list":["post-9343","page","type-page","status-publish","hentry"],"acf":[],"aioseo_notices":[],"_links":{"self":[{"href":"https:\/\/www.intrasonictechnology.com\/es\/wp-json\/wp\/v2\/pages\/9343","targetHints":{"allow":["GET"]}}],"collection":[{"href":"https:\/\/www.intrasonictechnology.com\/es\/wp-json\/wp\/v2\/pages"}],"about":[{"href":"https:\/\/www.intrasonictechnology.com\/es\/wp-json\/wp\/v2\/types\/page"}],"author":[{"embeddable":true,"href":"https:\/\/www.intrasonictechnology.com\/es\/wp-json\/wp\/v2\/users\/1"}],"replies":[{"embeddable":true,"href":"https:\/\/www.intrasonictechnology.com\/es\/wp-json\/wp\/v2\/comments?post=9343"}],"version-history":[{"count":0,"href":"https:\/\/www.intrasonictechnology.com\/es\/wp-json\/wp\/v2\/pages\/9343\/revisions"}],"up":[{"embeddable":true,"href":"https:\/\/www.intrasonictechnology.com\/es\/wp-json\/wp\/v2\/pages\/9348"}],"wp:attachment":[{"href":"https:\/\/www.intrasonictechnology.com\/es\/wp-json\/wp\/v2\/media?parent=9343"}],"curies":[{"name":"wp","href":"https:\/\/api.w.org\/{rel}","templated":true}]}}