{"id":9338,"date":"2018-08-13T17:54:20","date_gmt":"2018-08-13T17:54:20","guid":{"rendered":"https:\/\/www.intrasonictechnology.com\/entrada-auxiliar-de-pared-retro\/"},"modified":"2026-03-19T11:25:48","modified_gmt":"2026-03-19T11:25:48","slug":"entrada-auxiliar-de-pared-retro","status":"publish","type":"page","link":"https:\/\/www.intrasonictechnology.com\/es\/sistemas-de-intercomunicacion-en-casa\/actualizacion-y-sustitucion-del-sistema-de-intercomunicacion-para-el-hogar-el-sistema-retro\/entrada-auxiliar-de-pared-retro\/","title":{"rendered":"Entrada auxiliar de pared RETRO"},"content":{"rendered":"<h2>Entrada auxiliar de pared:<\/h2>\n<p>No est\u00e1 disponible a trav\u00e9s de IST, pero es f\u00e1cil de encontrar en la mayor\u00eda de las tiendas de audio o hardware. Necesitar\u00e1 una entrada RCA en la parte delantera y trasera para que el reproductor de CD o el dispositivo se reproduzca a trav\u00e9s de la Master Station.<\/p>\n<h3><\/h3>\n","protected":false},"excerpt":{"rendered":"Entrada auxiliar de pared: No est\u00e1 disponible a trav\u00e9s de IST, pero es f\u00e1cil de encontrar en la mayor\u00eda de las tiendas de audio o hardware. Necesitar\u00e1 una entrada RCA en la parte delantera y trasera para que el reproductor de CD o el dispositivo se reproduzca a trav\u00e9s de la Master Station.","protected":false},"author":1,"featured_media":0,"parent":9357,"menu_order":0,"comment_status":"closed","ping_status":"closed","template":"","meta":{"_acf_changed":false,"om_disable_all_campaigns":false,"_monsterinsights_skip_tracking":false,"_monsterinsights_sitenote_active":false,"_monsterinsights_sitenote_note":"","_monsterinsights_sitenote_category":0,"footnotes":""},"class_list":["post-9338","page","type-page","status-publish","hentry"],"acf":[],"aioseo_notices":[],"_links":{"self":[{"href":"https:\/\/www.intrasonictechnology.com\/es\/wp-json\/wp\/v2\/pages\/9338","targetHints":{"allow":["GET"]}}],"collection":[{"href":"https:\/\/www.intrasonictechnology.com\/es\/wp-json\/wp\/v2\/pages"}],"about":[{"href":"https:\/\/www.intrasonictechnology.com\/es\/wp-json\/wp\/v2\/types\/page"}],"author":[{"embeddable":true,"href":"https:\/\/www.intrasonictechnology.com\/es\/wp-json\/wp\/v2\/users\/1"}],"replies":[{"embeddable":true,"href":"https:\/\/www.intrasonictechnology.com\/es\/wp-json\/wp\/v2\/comments?post=9338"}],"version-history":[{"count":0,"href":"https:\/\/www.intrasonictechnology.com\/es\/wp-json\/wp\/v2\/pages\/9338\/revisions"}],"up":[{"embeddable":true,"href":"https:\/\/www.intrasonictechnology.com\/es\/wp-json\/wp\/v2\/pages\/9357"}],"wp:attachment":[{"href":"https:\/\/www.intrasonictechnology.com\/es\/wp-json\/wp\/v2\/media?parent=9338"}],"curies":[{"name":"wp","href":"https:\/\/api.w.org\/{rel}","templated":true}]}}