{"id":9337,"date":"2018-08-13T17:29:03","date_gmt":"2018-08-13T17:29:03","guid":{"rendered":"https:\/\/www.intrasonictechnology.com\/unidad-principal-retro\/"},"modified":"2023-05-22T15:36:29","modified_gmt":"2023-05-22T15:36:29","slug":"unidad-principal-retro","status":"publish","type":"page","link":"https:\/\/www.intrasonictechnology.com\/es\/sistemas-de-intercomunicacion-en-casa\/actualizacion-y-sustitucion-del-sistema-de-intercomunicacion-para-el-hogar-el-sistema-retro\/unidad-principal-retro\/","title":{"rendered":"Unidad principal RETRO"},"content":{"rendered":"<h1><img decoding=\"async\" width=\"1024\" height=\"514\" class=\"alignnone size-full wp-image-9728 lazyload\" data-src=\"https:\/\/www.intrasonictechnology.com\/wp-content\/uploads\/use-for-animation-RETRO.gif\" alt=\"\" src=\"data:image\/svg+xml;base64,PHN2ZyB3aWR0aD0iMSIgaGVpZ2h0PSIxIiB4bWxucz0iaHR0cDovL3d3dy53My5vcmcvMjAwMC9zdmciPjwvc3ZnPg==\" style=\"--smush-placeholder-width: 1024px; --smush-placeholder-aspect-ratio: 1024\/514;\"><\/h1>\n<h1>Estaci\u00f3n maestra RETRO:<\/h1>\n<p>Interfaz principal que controla las funciones de m\u00fasica e intercomunicaci\u00f3n y los niveles de volumen, los niveles de graves y agudos, los ajustes del reloj, etc. El compartimento del reproductor de m\u00fasica port\u00e1til est\u00e1 integrado en la Master Station y puede manejarse con un mando IREMOTE (disponible como opci\u00f3n). La m\u00fasica puede reproducirse a trav\u00e9s de la Master Station mediante la entrada MP3 de un dispositivo MP3 o del dispositivo IST Bluetooth\u2122 (disponible como opci\u00f3n). Disponible en blanco, negro y almendra.<\/p>\n<ul>\n<li>Incluye entrada de MP3 con puerta para ocultar el cableado<\/li>\n<li>Puerta musical mejorada RETRO-PMPD incluida con 4 y 5 habitaciones <span style=\"color: #0000ff;\"><br \/>\n  <a style=\"color: #0000ff;\" href=\"https:\/\/www.intrasonictechnology.com\/home-intercom-systems\/retro\/retro-combination-packages\/\">Paquetes combinados \u25b8<\/a><br \/>\n<\/span><\/li>\n<li>A\u00f1ada una antena AM\/FM como opci\u00f3n: I2000ANT<\/li>\n<\/ul>\n<p>Dimensiones de la entrada: 13 7\/8&#8243; de ancho x 5 5\/8&#8243; de alto x 3 7\/8&#8243; de profundidad<\/p>\n<p>Dimensiones totales: 15 5\/5&#8243; W x 6 7\/8&#8243; H x 2 7\/8&#8243; D<\/p>\n<p><a href=\"https:\/\/www.intrasonictechnology.com\/customer-support\/product-videos\/trouble-shooting-settings-retro\/\"><img decoding=\"async\" width=\"150\" height=\"150\" class=\"alignnone size-thumbnail wp-image-8634 lazyload\" data-src=\"https:\/\/www.intrasonictechnology.com\/wp-content\/uploads\/\/video-icon-copy-1-150x150.jpg\" alt=\"\" data-srcset=\"https:\/\/www.intrasonictechnology.com\/wp-content\/uploads\/video-icon-copy-1-150x150.jpg 150w, https:\/\/www.intrasonictechnology.com\/wp-content\/uploads\/video-icon-copy-1-250x250.jpg 250w, https:\/\/www.intrasonictechnology.com\/wp-content\/uploads\/video-icon-copy-1-120x120.jpg 120w, https:\/\/www.intrasonictechnology.com\/wp-content\/uploads\/video-icon-copy-1-300x300.jpg 300w, https:\/\/www.intrasonictechnology.com\/wp-content\/uploads\/video-icon-copy-1-100x100.jpg 100w, https:\/\/www.intrasonictechnology.com\/wp-content\/uploads\/video-icon-copy-1.jpg 512w\" data-sizes=\"(max-width: 150px) 100vw, 150px\" src=\"data:image\/svg+xml;base64,PHN2ZyB3aWR0aD0iMSIgaGVpZ2h0PSIxIiB4bWxucz0iaHR0cDovL3d3dy53My5vcmcvMjAwMC9zdmciPjwvc3ZnPg==\" style=\"--smush-placeholder-width: 150px; --smush-placeholder-aspect-ratio: 150\/150;\" \/><\/a><\/p>\n<p><a href=\"https:\/\/www.intrasonictechnology.com\/home-intercom-systems\/retro\/retro-front-door\/\">Estaci\u00f3n de puerta delantera RETRO \u25b8<\/a><\/p>\n<h3><span style=\"color: #000080;\"> <\/span><a href=\"https:\/\/www.intrasonictechnology.com\/find-a-dealer\/\"><img decoding=\"async\" class=\"alignnone wp-image-9760 lazyload\" data-src=\"https:\/\/www.intrasonictechnology.com\/wp-content\/uploads\/buy-now.png\" alt=\"\" width=\"188\" height=\"78\" data-srcset=\"https:\/\/www.intrasonictechnology.com\/wp-content\/uploads\/buy-now.png 3595w, https:\/\/www.intrasonictechnology.com\/wp-content\/uploads\/buy-now-250x104.png 250w, https:\/\/www.intrasonictechnology.com\/wp-content\/uploads\/buy-now-700x291.png 700w, https:\/\/www.intrasonictechnology.com\/wp-content\/uploads\/buy-now-768x319.png 768w, https:\/\/www.intrasonictechnology.com\/wp-content\/uploads\/buy-now-1536x637.png 1536w, https:\/\/www.intrasonictechnology.com\/wp-content\/uploads\/buy-now-2048x850.png 2048w, https:\/\/www.intrasonictechnology.com\/wp-content\/uploads\/buy-now-120x50.png 120w\" data-sizes=\"(max-width: 188px) 100vw, 188px\" src=\"data:image\/svg+xml;base64,PHN2ZyB3aWR0aD0iMSIgaGVpZ2h0PSIxIiB4bWxucz0iaHR0cDovL3d3dy53My5vcmcvMjAwMC9zdmciPjwvc3ZnPg==\" style=\"--smush-placeholder-width: 188px; --smush-placeholder-aspect-ratio: 188\/78;\" \/><\/a><\/h3>\n","protected":false},"excerpt":{"rendered":"Estaci\u00f3n maestra RETRO: Interfaz principal que controla las funciones de m\u00fasica e intercomunicaci\u00f3n y los niveles de volumen, los niveles de graves y agudos, los ajustes del reloj, etc. El compartimento del reproductor de m\u00fasica port\u00e1til est\u00e1 integrado en la Master Station y puede manejarse con un mando IREMOTE (disponible como opci\u00f3n). La m\u00fasica puede&hellip;<!-- READ MORE TEXT HERE -->","protected":false},"author":1,"featured_media":0,"parent":9357,"menu_order":0,"comment_status":"closed","ping_status":"closed","template":"","meta":{"_acf_changed":false,"om_disable_all_campaigns":false,"_monsterinsights_skip_tracking":false,"_monsterinsights_sitenote_active":false,"_monsterinsights_sitenote_note":"","_monsterinsights_sitenote_category":0,"footnotes":""},"class_list":["post-9337","page","type-page","status-publish","hentry"],"acf":[],"aioseo_notices":[],"_links":{"self":[{"href":"https:\/\/www.intrasonictechnology.com\/es\/wp-json\/wp\/v2\/pages\/9337","targetHints":{"allow":["GET"]}}],"collection":[{"href":"https:\/\/www.intrasonictechnology.com\/es\/wp-json\/wp\/v2\/pages"}],"about":[{"href":"https:\/\/www.intrasonictechnology.com\/es\/wp-json\/wp\/v2\/types\/page"}],"author":[{"embeddable":true,"href":"https:\/\/www.intrasonictechnology.com\/es\/wp-json\/wp\/v2\/users\/1"}],"replies":[{"embeddable":true,"href":"https:\/\/www.intrasonictechnology.com\/es\/wp-json\/wp\/v2\/comments?post=9337"}],"version-history":[{"count":0,"href":"https:\/\/www.intrasonictechnology.com\/es\/wp-json\/wp\/v2\/pages\/9337\/revisions"}],"up":[{"embeddable":true,"href":"https:\/\/www.intrasonictechnology.com\/es\/wp-json\/wp\/v2\/pages\/9357"}],"wp:attachment":[{"href":"https:\/\/www.intrasonictechnology.com\/es\/wp-json\/wp\/v2\/media?parent=9337"}],"curies":[{"name":"wp","href":"https:\/\/api.w.org\/{rel}","templated":true}]}}