{"id":9334,"date":"2018-08-13T17:54:34","date_gmt":"2018-08-13T17:54:34","guid":{"rendered":"https:\/\/www.intrasonictechnology.com\/paquetes-combinados-retro\/"},"modified":"2026-03-19T11:27:16","modified_gmt":"2026-03-19T11:27:16","slug":"paquetes-combinados-retro","status":"publish","type":"page","link":"https:\/\/www.intrasonictechnology.com\/es\/sistemas-de-intercomunicacion-en-casa\/actualizacion-y-sustitucion-del-sistema-de-intercomunicacion-para-el-hogar-el-sistema-retro\/paquetes-combinados-retro\/","title":{"rendered":"Paquetes combinados RETRO"},"content":{"rendered":"<h2>Paquetes combinados RETRO<\/h2>\n<p>&nbsp;<\/p>\n<p><a href=\"https:\/\/www.intrasonictechnology.com\/es\/buscar-un-distribuidor\/\"><img decoding=\"async\" width=\"500\" height=\"400\" class=\"alignnone size-full wp-image-10650 lazyload\" data-src=\"https:\/\/www.intrasonictechnology.com\/wp-content\/uploads\/June-2024-Promotion-National-Sales-Event-Blue.jpg\" alt=\"\" data-srcset=\"https:\/\/www.intrasonictechnology.com\/wp-content\/uploads\/June-2024-Promotion-National-Sales-Event-Blue.jpg 500w, https:\/\/www.intrasonictechnology.com\/wp-content\/uploads\/June-2024-Promotion-National-Sales-Event-Blue-250x200.jpg 250w, https:\/\/www.intrasonictechnology.com\/wp-content\/uploads\/June-2024-Promotion-National-Sales-Event-Blue-120x96.jpg 120w\" data-sizes=\"(max-width: 500px) 100vw, 500px\" src=\"data:image\/svg+xml;base64,PHN2ZyB3aWR0aD0iMSIgaGVpZ2h0PSIxIiB4bWxucz0iaHR0cDovL3d3dy53My5vcmcvMjAwMC9zdmciPjwvc3ZnPg==\" style=\"--smush-placeholder-width: 500px; --smush-placeholder-aspect-ratio: 500\/400;\" \/><\/a><\/p>\n<p><strong>Intrasonic Technology<\/strong> ofrece las opciones m\u00e1s populares en c\u00f3modos paquetes:<\/p>\n<p>(Para m\u00e1s opciones de combinaci\u00f3n, p\u00f3ngase en contacto con nuestro servicio de atenci\u00f3n al cliente llamando al 877-435-0670)<\/p>\n<ul>\n<li><strong>RETRO-MVPAC:<\/strong> Blanco, paquete de 5 habitaciones incluye:<br \/>\n(1) RETRO-M Master Blanco (1) RETRO-MTP Placa de adorno blanca (5) RETRO-5R Estaciones de habitaci\u00f3n blancas (1) RETRO-5P Estaci\u00f3n de patio blanca (1) Estaci\u00f3n de puerta blanca (5) RETRO-5RV <span style=\"color: #0000ff;\"><br \/>\n<em><br \/>\n<strong>Vertical<\/strong><br \/>\n<\/em><br \/>\n<\/span> Kits de embellecedores met\u00e1licos y de pl\u00e1stico blanco para estaciones de habitaci\u00f3n y de patio (1) RETRO-PMPDOOR Personal Music Player Door y BT-RECEIVER Tambi\u00e9n disponible en negro y almendra.<\/li>\n<\/ul>\n<p><img decoding=\"async\" class=\"wp-image-2868 aligncenter lazyload\" data-src=\"https:\/\/www.intrasonictechnology.com\/wp-content\/uploads\/RETRO-5RVA-1-scaled.jpg\" alt=\"\" width=\"163\" height=\"103\" data-srcset=\"https:\/\/www.intrasonictechnology.com\/wp-content\/uploads\/RETRO-5RVA-1-scaled.jpg 2560w, https:\/\/www.intrasonictechnology.com\/wp-content\/uploads\/RETRO-5RVA-1-250x158.jpg 250w, https:\/\/www.intrasonictechnology.com\/wp-content\/uploads\/RETRO-5RVA-1-700x443.jpg 700w, https:\/\/www.intrasonictechnology.com\/wp-content\/uploads\/RETRO-5RVA-1-768x486.jpg 768w, https:\/\/www.intrasonictechnology.com\/wp-content\/uploads\/RETRO-5RVA-1-1536x973.jpg 1536w, https:\/\/www.intrasonictechnology.com\/wp-content\/uploads\/RETRO-5RVA-1-2048x1297.jpg 2048w, https:\/\/www.intrasonictechnology.com\/wp-content\/uploads\/RETRO-5RVA-1-120x76.jpg 120w, https:\/\/www.intrasonictechnology.com\/wp-content\/uploads\/RETRO-5RVA-1-600x380.jpg 600w\" data-sizes=\"(max-width: 163px) 100vw, 163px\" src=\"data:image\/svg+xml;base64,PHN2ZyB3aWR0aD0iMSIgaGVpZ2h0PSIxIiB4bWxucz0iaHR0cDovL3d3dy53My5vcmcvMjAwMC9zdmciPjwvc3ZnPg==\" style=\"--smush-placeholder-width: 163px; --smush-placeholder-aspect-ratio: 163\/103;\" \/><\/p>\n<p><strong><span style=\"color: #0000ff;\"><em>Vertical<\/em><\/span><\/strong><\/p>\n<ul>\n<li><strong>RETRO-MHPAC:<\/strong> Blanco, paquete de 5 habitaciones incluye:<br \/>\n(1) RETRO-M Master Blanco (1) RETRO-MTP Placa de adorno blanca (5) RETRO-5R Estaciones de habitaci\u00f3n blancas (1) RETRO-5P Estaci\u00f3n de patio blanca (1) Estaci\u00f3n de puerta blanca (5) RETRO-5RH <span style=\"color: #0000ff;\"><br \/>\n<em><br \/>\n<strong>Horizontal<\/strong><br \/>\n<\/em><br \/>\n<\/span> Kits de embellecedores met\u00e1licos y de pl\u00e1stico blanco para estaciones de habitaci\u00f3n y de patio (1) RETRO-PMPDOOR Personal Music Player Door y BT-RECEIVER Tambi\u00e9n disponible en negro y almendra.<\/li>\n<\/ul>\n<p><img decoding=\"async\" class=\"wp-image-2830 aligncenter lazyload\" data-src=\"https:\/\/www.intrasonictechnology.com\/wp-content\/uploads\/RETRO-5RHA-scaled.jpg\" alt=\"\" width=\"213\" height=\"119\" data-srcset=\"https:\/\/www.intrasonictechnology.com\/wp-content\/uploads\/RETRO-5RHA-scaled.jpg 2560w, https:\/\/www.intrasonictechnology.com\/wp-content\/uploads\/RETRO-5RHA-250x139.jpg 250w, https:\/\/www.intrasonictechnology.com\/wp-content\/uploads\/RETRO-5RHA-700x390.jpg 700w, https:\/\/www.intrasonictechnology.com\/wp-content\/uploads\/RETRO-5RHA-768x428.jpg 768w, https:\/\/www.intrasonictechnology.com\/wp-content\/uploads\/RETRO-5RHA-1536x857.jpg 1536w, https:\/\/www.intrasonictechnology.com\/wp-content\/uploads\/RETRO-5RHA-2048x1142.jpg 2048w, https:\/\/www.intrasonictechnology.com\/wp-content\/uploads\/RETRO-5RHA-120x67.jpg 120w, https:\/\/www.intrasonictechnology.com\/wp-content\/uploads\/RETRO-5RHA-600x335.jpg 600w\" data-sizes=\"(max-width: 213px) 100vw, 213px\" src=\"data:image\/svg+xml;base64,PHN2ZyB3aWR0aD0iMSIgaGVpZ2h0PSIxIiB4bWxucz0iaHR0cDovL3d3dy53My5vcmcvMjAwMC9zdmciPjwvc3ZnPg==\" style=\"--smush-placeholder-width: 213px; --smush-placeholder-aspect-ratio: 213\/119;\" \/><\/p>\n<p><span style=\"color: #0000ff;\"><strong><em> Horizontal<\/em><\/strong><\/span><\/p>\n<p>Hay muchos paquetes disponibles con diferentes caracter\u00edsticas:<\/p>\n<ul>\n<li>A\u00f1ada estaciones de sala adicionales seg\u00fan sea necesario, parte# RETRO-5R (blanco), RETRO-5RA (almendra), RETRO-5RB (negro)<\/li>\n<li>Los paquetes vienen autom\u00e1ticamente en blanco, pero tambi\u00e9n est\u00e1n disponibles en negro y almendra.<\/li>\n<li>A\u00f1ada una antena AM\/FM como opci\u00f3n: I2000ANT<\/li>\n<li>Paquetes de 4 habitaciones tambi\u00e9n disponibles: RETRO-MV4PAC (vertical) RETRO-MH4PAC (horizontal)<\/li>\n<li>A\u00f1ade un mando a distancia, facilita al propietario de la vivienda los ajustes <a href=\"https:\/\/www.intrasonictechnology.com\/es\/retro-iremote\/\">M\u00e1s detalles \u25b8<\/a><\/li>\n<li>Estaciones met\u00e1licas para puertas delanteras disponibles: RETRO-DBZ (Bronce), RETRO-DG (Oro Antiguo), RETRO-DN (N\u00edquel)<\/li>\n<\/ul>\n<h3><a href=\"https:\/\/www.intrasonictechnology.com\/es\/buscar-un-distribuidor\/\"><img decoding=\"async\" class=\"alignnone wp-image-8860 lazyload\" data-src=\"https:\/\/www.intrasonictechnology.com\/wp-content\/uploads\/purchase-button.png\" alt=\"\" width=\"226\" height=\"55\" data-srcset=\"https:\/\/www.intrasonictechnology.com\/wp-content\/uploads\/purchase-button.png 431w, https:\/\/www.intrasonictechnology.com\/wp-content\/uploads\/purchase-button-250x61.png 250w, https:\/\/www.intrasonictechnology.com\/wp-content\/uploads\/purchase-button-120x29.png 120w\" data-sizes=\"(max-width: 226px) 100vw, 226px\" src=\"data:image\/svg+xml;base64,PHN2ZyB3aWR0aD0iMSIgaGVpZ2h0PSIxIiB4bWxucz0iaHR0cDovL3d3dy53My5vcmcvMjAwMC9zdmciPjwvc3ZnPg==\" style=\"--smush-placeholder-width: 226px; --smush-placeholder-aspect-ratio: 226\/55;\" \/><\/a><\/h3>\n","protected":false},"excerpt":{"rendered":"Paquetes combinados RETRO &nbsp; Intrasonic Technology ofrece las opciones m\u00e1s populares en c\u00f3modos paquetes: (Para m\u00e1s opciones de combinaci\u00f3n, p\u00f3ngase en contacto con nuestro servicio de atenci\u00f3n al cliente llamando al 877-435-0670) RETRO-MVPAC: Blanco, paquete de 5 habitaciones incluye: (1) RETRO-M Master Blanco (1) RETRO-MTP Placa de adorno blanca (5) RETRO-5R Estaciones de habitaci\u00f3n blancas&hellip;<!-- READ MORE TEXT HERE -->","protected":false},"author":1,"featured_media":0,"parent":9357,"menu_order":0,"comment_status":"closed","ping_status":"closed","template":"","meta":{"_acf_changed":false,"om_disable_all_campaigns":false,"_monsterinsights_skip_tracking":false,"_monsterinsights_sitenote_active":false,"_monsterinsights_sitenote_note":"","_monsterinsights_sitenote_category":0,"footnotes":""},"class_list":["post-9334","page","type-page","status-publish","hentry"],"acf":[],"aioseo_notices":[],"_links":{"self":[{"href":"https:\/\/www.intrasonictechnology.com\/es\/wp-json\/wp\/v2\/pages\/9334","targetHints":{"allow":["GET"]}}],"collection":[{"href":"https:\/\/www.intrasonictechnology.com\/es\/wp-json\/wp\/v2\/pages"}],"about":[{"href":"https:\/\/www.intrasonictechnology.com\/es\/wp-json\/wp\/v2\/types\/page"}],"author":[{"embeddable":true,"href":"https:\/\/www.intrasonictechnology.com\/es\/wp-json\/wp\/v2\/users\/1"}],"replies":[{"embeddable":true,"href":"https:\/\/www.intrasonictechnology.com\/es\/wp-json\/wp\/v2\/comments?post=9334"}],"version-history":[{"count":0,"href":"https:\/\/www.intrasonictechnology.com\/es\/wp-json\/wp\/v2\/pages\/9334\/revisions"}],"up":[{"embeddable":true,"href":"https:\/\/www.intrasonictechnology.com\/es\/wp-json\/wp\/v2\/pages\/9357"}],"wp:attachment":[{"href":"https:\/\/www.intrasonictechnology.com\/es\/wp-json\/wp\/v2\/media?parent=9334"}],"curies":[{"name":"wp","href":"https:\/\/api.w.org\/{rel}","templated":true}]}}