{"id":9330,"date":"2018-08-13T17:44:20","date_gmt":"2018-08-13T17:44:20","guid":{"rendered":"https:\/\/www.intrasonictechnology.com\/estacion-de-patio-retro\/"},"modified":"2026-03-19T11:26:10","modified_gmt":"2026-03-19T11:26:10","slug":"estacion-de-patio-retro","status":"publish","type":"page","link":"https:\/\/www.intrasonictechnology.com\/es\/sistemas-de-intercomunicacion-en-casa\/actualizacion-y-sustitucion-del-sistema-de-intercomunicacion-para-el-hogar-el-sistema-retro\/estacion-de-patio-retro\/","title":{"rendered":"Estaci\u00f3n de Patio RETRO"},"content":{"rendered":"<h2>Estaci\u00f3n de Patio RETRO-5P<\/h2>\n<p>Estaci\u00f3n resistente a la intemperie con funcionalidad Room Station dise\u00f1ada para su instalaci\u00f3n en exteriores en zonas protegidas como un patio o un porche. Se pueden a\u00f1adir altavoces de cubo o de roca para exteriores. Disponible en blanco, negro y almendra. Elija cualquier color para combinar con su patio exterior.<\/p>\n<h3><a href=\"https:\/\/www.intrasonictechnology.com\/es\/buscar-un-distribuidor\/\"><img decoding=\"async\" class=\"alignnone wp-image-8860 lazyload\" data-src=\"https:\/\/www.intrasonictechnology.com\/wp-content\/uploads\/purchase-button.png\" alt=\"\" width=\"197\" height=\"48\" data-srcset=\"https:\/\/www.intrasonictechnology.com\/wp-content\/uploads\/purchase-button.png 431w, https:\/\/www.intrasonictechnology.com\/wp-content\/uploads\/purchase-button-250x61.png 250w, https:\/\/www.intrasonictechnology.com\/wp-content\/uploads\/purchase-button-120x29.png 120w\" data-sizes=\"(max-width: 197px) 100vw, 197px\" src=\"data:image\/svg+xml;base64,PHN2ZyB3aWR0aD0iMSIgaGVpZ2h0PSIxIiB4bWxucz0iaHR0cDovL3d3dy53My5vcmcvMjAwMC9zdmciPjwvc3ZnPg==\" style=\"--smush-placeholder-width: 197px; --smush-placeholder-aspect-ratio: 197\/48;\" \/><\/a><\/h3>\n<p><a href=\"https:\/\/www.intrasonictechnology.com\/speakers\/outdoor-speakers\/\">Altavoces para patios exteriores\u25b8<\/a><\/p>\n","protected":false},"excerpt":{"rendered":"Estaci\u00f3n de Patio RETRO-5P Estaci\u00f3n resistente a la intemperie con funcionalidad Room Station dise\u00f1ada para su instalaci\u00f3n en exteriores en zonas protegidas como un patio o un porche. Se pueden a\u00f1adir altavoces de cubo o de roca para exteriores. Disponible en blanco, negro y almendra. Elija cualquier color para combinar con su patio exterior. Altavoces&hellip;<!-- READ MORE TEXT HERE -->","protected":false},"author":1,"featured_media":0,"parent":9357,"menu_order":0,"comment_status":"closed","ping_status":"closed","template":"","meta":{"_acf_changed":false,"om_disable_all_campaigns":false,"_monsterinsights_skip_tracking":false,"_monsterinsights_sitenote_active":false,"_monsterinsights_sitenote_note":"","_monsterinsights_sitenote_category":0,"footnotes":""},"class_list":["post-9330","page","type-page","status-publish","hentry"],"acf":[],"aioseo_notices":[],"_links":{"self":[{"href":"https:\/\/www.intrasonictechnology.com\/es\/wp-json\/wp\/v2\/pages\/9330","targetHints":{"allow":["GET"]}}],"collection":[{"href":"https:\/\/www.intrasonictechnology.com\/es\/wp-json\/wp\/v2\/pages"}],"about":[{"href":"https:\/\/www.intrasonictechnology.com\/es\/wp-json\/wp\/v2\/types\/page"}],"author":[{"embeddable":true,"href":"https:\/\/www.intrasonictechnology.com\/es\/wp-json\/wp\/v2\/users\/1"}],"replies":[{"embeddable":true,"href":"https:\/\/www.intrasonictechnology.com\/es\/wp-json\/wp\/v2\/comments?post=9330"}],"version-history":[{"count":0,"href":"https:\/\/www.intrasonictechnology.com\/es\/wp-json\/wp\/v2\/pages\/9330\/revisions"}],"up":[{"embeddable":true,"href":"https:\/\/www.intrasonictechnology.com\/es\/wp-json\/wp\/v2\/pages\/9357"}],"wp:attachment":[{"href":"https:\/\/www.intrasonictechnology.com\/es\/wp-json\/wp\/v2\/media?parent=9330"}],"curies":[{"name":"wp","href":"https:\/\/api.w.org\/{rel}","templated":true}]}}