{"id":9328,"date":"2018-08-13T17:58:14","date_gmt":"2018-08-13T17:58:14","guid":{"rendered":"https:\/\/www.intrasonictechnology.com\/altavoces-de-pared\/"},"modified":"2026-03-19T11:15:24","modified_gmt":"2026-03-19T11:15:24","slug":"altavoces-de-pared","status":"publish","type":"page","link":"https:\/\/www.intrasonictechnology.com\/es\/altavoces\/altavoces-de-pared\/","title":{"rendered":"Altavoces de pared"},"content":{"rendered":"<h2 style=\"text-align: left;\">Altavoces de pared de la serie Builder Spec<\/h2>\n<h4><span style=\"color: #333333;\">Dise\u00f1ado espec\u00edficamente para el instalador que espera un sonido excelente a precios asequibles. 10 a\u00f1os de garant\u00eda<\/span><\/h4>\n<p><strong>Modelo I30W: Altavoz de pared de 6,5&#8243; para constructores<\/strong>, <strong>30 vatios<\/strong><\/p>\n<p><em>Manejo de potencia: 30<\/em><br \/>\n<em>Montaje: Cam-Lock<\/em><br \/>\n<em>Rejilla: Metal blanco<\/em><br \/>\n<em>Frecuencia: 48 Hz &#8211; 20 kHz<\/em><br \/>\n<em>Dimensiones: 8 \u00be\u00bb W x 12&#8243; H x 2 \u00bd\u00bb DPT<\/em><br \/>\n<em>Instalar Dimensiones: 7 \u215c\u00bb de ancho x 10 \u00be\u00bb de alto<\/em><br \/>\n<em>Tipo y tama\u00f1o de tweeter: Mylar \u00bd\u00bb<\/em><br \/>\n<em>Peso del im\u00e1n: 10 oz<\/em><br \/>\n<em>Tipo y tama\u00f1o del cono: Papel recubierto de 6 \u00bd\u00bb.<\/em><br \/>\n<em>Sensibilidad Db: 88 db<\/em><br \/>\n<em>Impedancia: 8 \u03a9nominal<\/em><br \/>\n<em>Soporte de altavoz: <a href=\"https:\/\/www.intrasonictechnology.com\/es\/altavoces\/soportes-para-altavoces\/\">SPKBKT-6IW<\/a><\/em><br \/>\n<em>Garant\u00eda: Intrasonic 10 a\u00f1os<\/em><\/p>\n<p><a href=\"https:\/\/www.intrasonictechnology.com\/es\/asistencia-al-cliente\/descargas-de-documentacion-de-productos\/\"><img decoding=\"async\" class=\"alignnone wp-image-9768 lazyload\" data-src=\"https:\/\/www.intrasonictechnology.com\/wp-content\/uploads\/pamphlet.jpg\" alt=\"\" width=\"111\" height=\"111\" data-srcset=\"https:\/\/www.intrasonictechnology.com\/wp-content\/uploads\/pamphlet.jpg 474w, https:\/\/www.intrasonictechnology.com\/wp-content\/uploads\/pamphlet-250x250.jpg 250w, https:\/\/www.intrasonictechnology.com\/wp-content\/uploads\/pamphlet-150x150.jpg 150w, https:\/\/www.intrasonictechnology.com\/wp-content\/uploads\/pamphlet-120x120.jpg 120w, https:\/\/www.intrasonictechnology.com\/wp-content\/uploads\/pamphlet-300x300.jpg 300w\" data-sizes=\"(max-width: 111px) 100vw, 111px\" src=\"data:image\/svg+xml;base64,PHN2ZyB3aWR0aD0iMSIgaGVpZ2h0PSIxIiB4bWxucz0iaHR0cDovL3d3dy53My5vcmcvMjAwMC9zdmciPjwvc3ZnPg==\" style=\"--smush-placeholder-width: 111px; --smush-placeholder-aspect-ratio: 111\/111;\" \/><\/a><\/p>\n<p><a href=\"https:\/\/www.intrasonictechnology.com\/es\/buscar-un-distribuidor\/\"><img decoding=\"async\" class=\"alignnone wp-image-9760 lazyload\" data-src=\"https:\/\/www.intrasonictechnology.com\/wp-content\/uploads\/buy-now.png\" alt=\"\" width=\"188\" height=\"78\" data-srcset=\"https:\/\/www.intrasonictechnology.com\/wp-content\/uploads\/buy-now.png 3595w, https:\/\/www.intrasonictechnology.com\/wp-content\/uploads\/buy-now-250x104.png 250w, https:\/\/www.intrasonictechnology.com\/wp-content\/uploads\/buy-now-700x291.png 700w, https:\/\/www.intrasonictechnology.com\/wp-content\/uploads\/buy-now-768x319.png 768w, https:\/\/www.intrasonictechnology.com\/wp-content\/uploads\/buy-now-1536x637.png 1536w, https:\/\/www.intrasonictechnology.com\/wp-content\/uploads\/buy-now-2048x850.png 2048w, https:\/\/www.intrasonictechnology.com\/wp-content\/uploads\/buy-now-120x50.png 120w\" data-sizes=\"(max-width: 188px) 100vw, 188px\" src=\"data:image\/svg+xml;base64,PHN2ZyB3aWR0aD0iMSIgaGVpZ2h0PSIxIiB4bWxucz0iaHR0cDovL3d3dy53My5vcmcvMjAwMC9zdmciPjwvc3ZnPg==\" style=\"--smush-placeholder-width: 188px; --smush-placeholder-aspect-ratio: 188\/78;\" \/><\/a><\/p>\n","protected":false},"excerpt":{"rendered":"Altavoces de pared de la serie Builder Spec Dise\u00f1ado espec\u00edficamente para el instalador que espera un sonido excelente a precios asequibles. 10 a\u00f1os de garant\u00eda Modelo I30W: Altavoz de pared de 6,5&#8243; para constructores, 30 vatios Manejo de potencia: 30 Montaje: Cam-Lock Rejilla: Metal blanco Frecuencia: 48 Hz &#8211; 20 kHz Dimensiones: 8 \u00be\u00bb W&hellip;<!-- READ MORE TEXT HERE -->","protected":false},"author":1,"featured_media":0,"parent":9332,"menu_order":0,"comment_status":"closed","ping_status":"closed","template":"","meta":{"_acf_changed":false,"om_disable_all_campaigns":false,"_monsterinsights_skip_tracking":false,"_monsterinsights_sitenote_active":false,"_monsterinsights_sitenote_note":"","_monsterinsights_sitenote_category":0,"footnotes":""},"class_list":["post-9328","page","type-page","status-publish","hentry"],"acf":[],"aioseo_notices":[],"_links":{"self":[{"href":"https:\/\/www.intrasonictechnology.com\/es\/wp-json\/wp\/v2\/pages\/9328","targetHints":{"allow":["GET"]}}],"collection":[{"href":"https:\/\/www.intrasonictechnology.com\/es\/wp-json\/wp\/v2\/pages"}],"about":[{"href":"https:\/\/www.intrasonictechnology.com\/es\/wp-json\/wp\/v2\/types\/page"}],"author":[{"embeddable":true,"href":"https:\/\/www.intrasonictechnology.com\/es\/wp-json\/wp\/v2\/users\/1"}],"replies":[{"embeddable":true,"href":"https:\/\/www.intrasonictechnology.com\/es\/wp-json\/wp\/v2\/comments?post=9328"}],"version-history":[{"count":0,"href":"https:\/\/www.intrasonictechnology.com\/es\/wp-json\/wp\/v2\/pages\/9328\/revisions"}],"up":[{"embeddable":true,"href":"https:\/\/www.intrasonictechnology.com\/es\/wp-json\/wp\/v2\/pages\/9332"}],"wp:attachment":[{"href":"https:\/\/www.intrasonictechnology.com\/es\/wp-json\/wp\/v2\/media?parent=9328"}],"curies":[{"name":"wp","href":"https:\/\/api.w.org\/{rel}","templated":true}]}}