{"id":9324,"date":"2018-08-13T18:10:59","date_gmt":"2018-08-13T18:10:59","guid":{"rendered":"https:\/\/www.intrasonictechnology.com\/mydoor\/"},"modified":"2026-03-19T11:22:35","modified_gmt":"2026-03-19T11:22:35","slug":"mydoor","status":"publish","type":"page","link":"https:\/\/www.intrasonictechnology.com\/es\/mydoor\/","title":{"rendered":"MyDoor"},"content":{"rendered":"<h1><img decoding=\"async\" class=\"alignnone wp-image-1080 lazyload\" data-src=\"https:\/\/www.intrasonictechnology.com\/wp-content\/uploads\/My-door-option-1.jpg\" alt=\"\" width=\"381\" height=\"200\" data-srcset=\"https:\/\/www.intrasonictechnology.com\/wp-content\/uploads\/My-door-option-1.jpg 452w, https:\/\/www.intrasonictechnology.com\/wp-content\/uploads\/My-door-option-1-250x131.jpg 250w, https:\/\/www.intrasonictechnology.com\/wp-content\/uploads\/My-door-option-1-120x63.jpg 120w, https:\/\/www.intrasonictechnology.com\/wp-content\/uploads\/My-door-option-1-365x191.jpg 365w\" data-sizes=\"(max-width: 381px) 100vw, 381px\" src=\"data:image\/svg+xml;base64,PHN2ZyB3aWR0aD0iMSIgaGVpZ2h0PSIxIiB4bWxucz0iaHR0cDovL3d3dy53My5vcmcvMjAwMC9zdmciPjwvc3ZnPg==\" style=\"--smush-placeholder-width: 381px; --smush-placeholder-aspect-ratio: 381\/200;\" \/> <img decoding=\"async\" width=\"216\" height=\"216\" class=\"alignnone size-full wp-image-1193 lazyload\" data-src=\"https:\/\/www.intrasonictechnology.com\/wp-content\/uploads\/My-door-large.jpg\" alt=\"\" data-srcset=\"https:\/\/www.intrasonictechnology.com\/wp-content\/uploads\/My-door-large.jpg 216w, https:\/\/www.intrasonictechnology.com\/wp-content\/uploads\/My-door-large-150x150.jpg 150w, https:\/\/www.intrasonictechnology.com\/wp-content\/uploads\/My-door-large-120x120.jpg 120w, https:\/\/www.intrasonictechnology.com\/wp-content\/uploads\/My-door-large-100x100.jpg 100w\" data-sizes=\"(max-width: 216px) 100vw, 216px\" src=\"data:image\/svg+xml;base64,PHN2ZyB3aWR0aD0iMSIgaGVpZ2h0PSIxIiB4bWxucz0iaHR0cDovL3d3dy53My5vcmcvMjAwMC9zdmciPjwvc3ZnPg==\" style=\"--smush-placeholder-width: 216px; --smush-placeholder-aspect-ratio: 216\/216;\" \/><\/h1>\n<h2>Actualice su seguridad con el timbre de tel\u00e9fono inteligente MyDoor\u2122, que cuenta con una exclusiva c\u00e1mara ajustable con visi\u00f3n nocturna y sin cuotas mensuales ni anuales.<\/h2>\n<ul>\n<li><span style=\"color: #333333;\">Comprueba la actividad de tu casa all\u00e1 donde vayas con la comodidad de nuestra aplicaci\u00f3n gratuita para iOS o Android<\/span><\/li>\n<li>Orienta el \u00e1ngulo de la c\u00e1mara para que se adapte a la zona de visi\u00f3n de tu puerta principal<\/li>\n<li><span style=\"color: #333333;\">Reciba notificaciones de los invitados y hable con ellos como si estuviera en casa<\/span><\/li>\n<li><span style=\"color: #333333;\">Desbloquear una puerta y un port\u00f3n con la tecnolog\u00eda de desbloqueo a distancia<\/span><\/li>\n<li>Disponible para usar con el sistema de sustituci\u00f3n de m\u00fasica e intercomunicaci\u00f3n RETRO.<\/li>\n<li>Utiliza tu smartphone o una tableta Apple o Android<\/li>\n<li>**Actualmente en reserva hasta nuevo aviso<\/li>\n<\/ul>\n<p><img decoding=\"async\" width=\"452\" height=\"237\" class=\"alignnone size-full wp-image-1081 lazyload\" data-src=\"https:\/\/www.intrasonictechnology.com\/wp-content\/uploads\/My-door-option-2.jpg\" alt=\"\" data-srcset=\"https:\/\/www.intrasonictechnology.com\/wp-content\/uploads\/My-door-option-2.jpg 452w, https:\/\/www.intrasonictechnology.com\/wp-content\/uploads\/My-door-option-2-250x131.jpg 250w, https:\/\/www.intrasonictechnology.com\/wp-content\/uploads\/My-door-option-2-120x63.jpg 120w, https:\/\/www.intrasonictechnology.com\/wp-content\/uploads\/My-door-option-2-365x191.jpg 365w\" data-sizes=\"(max-width: 452px) 100vw, 452px\" src=\"data:image\/svg+xml;base64,PHN2ZyB3aWR0aD0iMSIgaGVpZ2h0PSIxIiB4bWxucz0iaHR0cDovL3d3dy53My5vcmcvMjAwMC9zdmciPjwvc3ZnPg==\" style=\"--smush-placeholder-width: 452px; --smush-placeholder-aspect-ratio: 452\/237;\" \/><\/p>\n<p><img decoding=\"async\" class=\"alignnone wp-image-9060 lazyload\" data-src=\"https:\/\/www.intrasonictechnology.com\/wp-content\/uploads\/Spanish-Translation-Button-1_edited-1-1.jpg\" alt=\"\" width=\"282\" height=\"141\" data-srcset=\"https:\/\/www.intrasonictechnology.com\/wp-content\/uploads\/Spanish-Translation-Button-1_edited-1-1.jpg 640w, https:\/\/www.intrasonictechnology.com\/wp-content\/uploads\/Spanish-Translation-Button-1_edited-1-1-250x125.jpg 250w, https:\/\/www.intrasonictechnology.com\/wp-content\/uploads\/Spanish-Translation-Button-1_edited-1-1-120x60.jpg 120w\" data-sizes=\"(max-width: 282px) 100vw, 282px\" src=\"data:image\/svg+xml;base64,PHN2ZyB3aWR0aD0iMSIgaGVpZ2h0PSIxIiB4bWxucz0iaHR0cDovL3d3dy53My5vcmcvMjAwMC9zdmciPjwvc3ZnPg==\" style=\"--smush-placeholder-width: 282px; --smush-placeholder-aspect-ratio: 282\/141;\" \/><\/p>\n<p><a href=\"https:\/\/www.facebook.com\/groups\/165427541300247\/\"><img decoding=\"async\" class=\"alignnone wp-image-8626 lazyload\" data-src=\"https:\/\/www.intrasonictechnology.com\/wp-content\/uploads\/facebook-logo-e1590674627566.gif\" alt=\"\" width=\"119\" height=\"119\" src=\"data:image\/svg+xml;base64,PHN2ZyB3aWR0aD0iMSIgaGVpZ2h0PSIxIiB4bWxucz0iaHR0cDovL3d3dy53My5vcmcvMjAwMC9zdmciPjwvc3ZnPg==\" style=\"--smush-placeholder-width: 119px; --smush-placeholder-aspect-ratio: 119\/119;\" \/><\/a><\/p>\n<p><a href=\"https:\/\/www.intrasonictechnology.com\/es\/?page_id=9079\"><img decoding=\"async\" class=\"alignnone wp-image-8973 lazyload\" data-src=\"https:\/\/www.intrasonictechnology.com\/wp-content\/uploads\/1298778_youtube_play_video_icon.png\" alt=\"\" width=\"137\" height=\"137\" data-srcset=\"https:\/\/www.intrasonictechnology.com\/wp-content\/uploads\/1298778_youtube_play_video_icon.png 512w, https:\/\/www.intrasonictechnology.com\/wp-content\/uploads\/1298778_youtube_play_video_icon-250x250.png 250w, https:\/\/www.intrasonictechnology.com\/wp-content\/uploads\/1298778_youtube_play_video_icon-150x150.png 150w, https:\/\/www.intrasonictechnology.com\/wp-content\/uploads\/1298778_youtube_play_video_icon-120x120.png 120w, https:\/\/www.intrasonictechnology.com\/wp-content\/uploads\/1298778_youtube_play_video_icon-300x300.png 300w, https:\/\/www.intrasonictechnology.com\/wp-content\/uploads\/1298778_youtube_play_video_icon-100x100.png 100w\" data-sizes=\"(max-width: 137px) 100vw, 137px\" src=\"data:image\/svg+xml;base64,PHN2ZyB3aWR0aD0iMSIgaGVpZ2h0PSIxIiB4bWxucz0iaHR0cDovL3d3dy53My5vcmcvMjAwMC9zdmciPjwvc3ZnPg==\" style=\"--smush-placeholder-width: 137px; --smush-placeholder-aspect-ratio: 137\/137;\" \/><\/a><\/p>\n<h5><strong><span style=\"color: #000080;\"><a style=\"color: #000080;\" href=\"https:\/\/www.intrasonictechnology.com\/es\/?page_id=9079\">V\u00eddeo de formaci\u00f3n sobre la configuraci\u00f3n de MyDoor \u25b8<\/a><\/span><\/strong><\/h5>\n<h6><\/h6>\n","protected":false},"excerpt":{"rendered":"Actualice su seguridad con el timbre de tel\u00e9fono inteligente MyDoor\u2122, que cuenta con una exclusiva c\u00e1mara ajustable con visi\u00f3n nocturna y sin cuotas mensuales ni anuales. Comprueba la actividad de tu casa all\u00e1 donde vayas con la comodidad de nuestra aplicaci\u00f3n gratuita para iOS o Android Orienta el \u00e1ngulo de la c\u00e1mara para que se&hellip;<!-- READ MORE TEXT HERE -->","protected":false},"author":1,"featured_media":0,"parent":0,"menu_order":0,"comment_status":"closed","ping_status":"closed","template":"","meta":{"_acf_changed":false,"om_disable_all_campaigns":false,"_monsterinsights_skip_tracking":false,"_monsterinsights_sitenote_active":false,"_monsterinsights_sitenote_note":"","_monsterinsights_sitenote_category":0,"footnotes":""},"class_list":["post-9324","page","type-page","status-publish","hentry"],"acf":[],"aioseo_notices":[],"_links":{"self":[{"href":"https:\/\/www.intrasonictechnology.com\/es\/wp-json\/wp\/v2\/pages\/9324","targetHints":{"allow":["GET"]}}],"collection":[{"href":"https:\/\/www.intrasonictechnology.com\/es\/wp-json\/wp\/v2\/pages"}],"about":[{"href":"https:\/\/www.intrasonictechnology.com\/es\/wp-json\/wp\/v2\/types\/page"}],"author":[{"embeddable":true,"href":"https:\/\/www.intrasonictechnology.com\/es\/wp-json\/wp\/v2\/users\/1"}],"replies":[{"embeddable":true,"href":"https:\/\/www.intrasonictechnology.com\/es\/wp-json\/wp\/v2\/comments?post=9324"}],"version-history":[{"count":0,"href":"https:\/\/www.intrasonictechnology.com\/es\/wp-json\/wp\/v2\/pages\/9324\/revisions"}],"wp:attachment":[{"href":"https:\/\/www.intrasonictechnology.com\/es\/wp-json\/wp\/v2\/media?parent=9324"}],"curies":[{"name":"wp","href":"https:\/\/api.w.org\/{rel}","templated":true}]}}