{"id":9323,"date":"2018-08-13T18:11:14","date_gmt":"2018-08-13T18:11:14","guid":{"rendered":"https:\/\/www.intrasonictechnology.com\/timbres-camaras-y-monitores-para-telefonos-inteligentes\/"},"modified":"2026-03-19T11:33:56","modified_gmt":"2026-03-19T11:33:56","slug":"timbres-camaras-y-monitores-para-telefonos-inteligentes","status":"publish","type":"page","link":"https:\/\/www.intrasonictechnology.com\/es\/timbres-camaras-y-monitores-para-telefonos-inteligentes\/","title":{"rendered":"Timbres, c\u00e1maras y monitores para tel\u00e9fonos inteligentes"},"content":{"rendered":"<h1><img decoding=\"async\" class=\"alignnone wp-image-2120 lazyload\" data-src=\"https:\/\/www.intrasonictechnology.com\/wp-content\/uploads\/Locked-door.jpg\" alt=\"\" width=\"492\" height=\"197\" data-srcset=\"https:\/\/www.intrasonictechnology.com\/wp-content\/uploads\/Locked-door.jpg 2000w, https:\/\/www.intrasonictechnology.com\/wp-content\/uploads\/Locked-door-250x100.jpg 250w, https:\/\/www.intrasonictechnology.com\/wp-content\/uploads\/Locked-door-700x280.jpg 700w, https:\/\/www.intrasonictechnology.com\/wp-content\/uploads\/Locked-door-768x307.jpg 768w, https:\/\/www.intrasonictechnology.com\/wp-content\/uploads\/Locked-door-1536x614.jpg 1536w, https:\/\/www.intrasonictechnology.com\/wp-content\/uploads\/Locked-door-120x48.jpg 120w, https:\/\/www.intrasonictechnology.com\/wp-content\/uploads\/Locked-door-600x240.jpg 600w\" data-sizes=\"(max-width: 492px) 100vw, 492px\" src=\"data:image\/svg+xml;base64,PHN2ZyB3aWR0aD0iMSIgaGVpZ2h0PSIxIiB4bWxucz0iaHR0cDovL3d3dy53My5vcmcvMjAwMC9zdmciPjwvc3ZnPg==\" style=\"--smush-placeholder-width: 492px; --smush-placeholder-aspect-ratio: 492\/197;\" \/> <img decoding=\"async\" class=\"alignnone wp-image-8696 lazyload\" data-src=\"https:\/\/www.intrasonictechnology.com\/wp-content\/uploads\/peephole.jpg\" alt=\"\" width=\"257\" height=\"193\" data-srcset=\"https:\/\/www.intrasonictechnology.com\/wp-content\/uploads\/peephole.jpg 1024w, https:\/\/www.intrasonictechnology.com\/wp-content\/uploads\/peephole-250x188.jpg 250w, https:\/\/www.intrasonictechnology.com\/wp-content\/uploads\/peephole-700x525.jpg 700w, https:\/\/www.intrasonictechnology.com\/wp-content\/uploads\/peephole-768x576.jpg 768w, https:\/\/www.intrasonictechnology.com\/wp-content\/uploads\/peephole-120x90.jpg 120w, https:\/\/www.intrasonictechnology.com\/wp-content\/uploads\/peephole-600x450.jpg 600w\" data-sizes=\"(max-width: 257px) 100vw, 257px\" src=\"data:image\/svg+xml;base64,PHN2ZyB3aWR0aD0iMSIgaGVpZ2h0PSIxIiB4bWxucz0iaHR0cDovL3d3dy53My5vcmcvMjAwMC9zdmciPjwvc3ZnPg==\" style=\"--smush-placeholder-width: 257px; --smush-placeholder-aspect-ratio: 257\/193;\" \/><\/h1>\n<h2>\u00bfCu\u00e1l es la forma m\u00e1s segura de abrir la puerta cuando tienes una visita?<\/h2>\n<p>\u00bfC\u00f3mo contesta a su puerta? \u00bfAbrir la puerta con la cerradura de cadena y asomarse? \u00bfMirar por la \u00abmirilla\u00bb y hablar a trav\u00e9s de la puerta? Te arriesgas a ser v\u00edctima de un robo al abrir la puerta o incluso al estar delante de ella.<\/p>\n<p>La mejor manera es responder con seguridad desde otra habitaci\u00f3n o en la aplicaci\u00f3n IST de tu Smartphone. El visitante toca el timbre y se le notifica con un timbre de puerta. Basta con pulsar un bot\u00f3n en el monitor en color o en el tel\u00e9fono y hablar con manos libres de forma segura con el visitante.<\/p>\n<p>Ellos no te ven, pero t\u00fa los ves claramente, de noche o de d\u00eda, lo que te permite decidir con seguridad si abrir la puerta. Pulse un bot\u00f3n en el monitor y env\u00ede una se\u00f1al para desbloquear la puerta, lo que es ideal para una oficina peque\u00f1a o un distrito escolar. Adem\u00e1s, con un sistema \u00abcableado\u00bb no tienes que preocuparte de la conexi\u00f3n a Internet.<\/p>\n<p>Contar con una c\u00e1mara en la puerta principal de su casa u oficina puede proporcionarle una capa adicional de seguridad y tranquilidad. Estas c\u00e1maras pueden ser herramientas eficaces para controlar qui\u00e9n entra o se acerca a su propiedad, disuadir a posibles intrusos y proporcionar pruebas valiosas en caso de incidentes de seguridad. Adem\u00e1s, con los avances tecnol\u00f3gicos, las c\u00e1maras para puertas delanteras con smartphone de Intrasonic Technology ofrecen ahora funciones como transmisi\u00f3n en directo, detecci\u00f3n de movimiento e integraci\u00f3n con smartphone, lo que le permite vigilar c\u00f3modamente sus instalaciones desde cualquier lugar. Siempre es una buena idea tomar medidas para mejorar la seguridad de su propiedad, y una c\u00e1mara en la puerta principal puede ser un valioso complemento para su sistema de seguridad general.<\/p>\n<p><img decoding=\"async\" class=\"alignnone wp-image-8719 lazyload\" data-src=\"https:\/\/www.intrasonictechnology.com\/wp-content\/uploads\/v510-thumbnail-copy.jpg\" alt=\"\" width=\"564\" height=\"423\" data-srcset=\"https:\/\/www.intrasonictechnology.com\/wp-content\/uploads\/v510-thumbnail-copy.jpg 1000w, https:\/\/www.intrasonictechnology.com\/wp-content\/uploads\/v510-thumbnail-copy-250x188.jpg 250w, https:\/\/www.intrasonictechnology.com\/wp-content\/uploads\/v510-thumbnail-copy-700x525.jpg 700w, https:\/\/www.intrasonictechnology.com\/wp-content\/uploads\/v510-thumbnail-copy-768x576.jpg 768w, https:\/\/www.intrasonictechnology.com\/wp-content\/uploads\/v510-thumbnail-copy-120x90.jpg 120w, https:\/\/www.intrasonictechnology.com\/wp-content\/uploads\/v510-thumbnail-copy-600x450.jpg 600w\" data-sizes=\"(max-width: 564px) 100vw, 564px\" src=\"data:image\/svg+xml;base64,PHN2ZyB3aWR0aD0iMSIgaGVpZ2h0PSIxIiB4bWxucz0iaHR0cDovL3d3dy53My5vcmcvMjAwMC9zdmciPjwvc3ZnPg==\" style=\"--smush-placeholder-width: 564px; --smush-placeholder-aspect-ratio: 564\/423;\" \/><\/p>\n<p>&nbsp;<\/p>\n<p><a href=\"https:\/\/www.intrasonictechnology.com\/wp-content\/uploads\/ist-video-security-brochure-20210930.pdf\"><img decoding=\"async\" class=\"alignnone wp-image-9768 lazyload\" data-src=\"https:\/\/www.intrasonictechnology.com\/wp-content\/uploads\/pamphlet.jpg\" alt=\"\" width=\"111\" height=\"111\" data-srcset=\"https:\/\/www.intrasonictechnology.com\/wp-content\/uploads\/pamphlet.jpg 474w, https:\/\/www.intrasonictechnology.com\/wp-content\/uploads\/pamphlet-250x250.jpg 250w, https:\/\/www.intrasonictechnology.com\/wp-content\/uploads\/pamphlet-150x150.jpg 150w, https:\/\/www.intrasonictechnology.com\/wp-content\/uploads\/pamphlet-120x120.jpg 120w, https:\/\/www.intrasonictechnology.com\/wp-content\/uploads\/pamphlet-300x300.jpg 300w\" data-sizes=\"(max-width: 111px) 100vw, 111px\" src=\"data:image\/svg+xml;base64,PHN2ZyB3aWR0aD0iMSIgaGVpZ2h0PSIxIiB4bWxucz0iaHR0cDovL3d3dy53My5vcmcvMjAwMC9zdmciPjwvc3ZnPg==\" style=\"--smush-placeholder-width: 111px; --smush-placeholder-aspect-ratio: 111\/111;\" \/><\/a><\/p>\n<p><a href=\"https:\/\/www.intrasonictechnology.com\/es\/buscar-un-distribuidor\/\"><img decoding=\"async\" class=\"alignnone wp-image-9760 lazyload\" data-src=\"https:\/\/www.intrasonictechnology.com\/wp-content\/uploads\/buy-now.png\" alt=\"\" width=\"188\" height=\"78\" data-srcset=\"https:\/\/www.intrasonictechnology.com\/wp-content\/uploads\/buy-now.png 3595w, https:\/\/www.intrasonictechnology.com\/wp-content\/uploads\/buy-now-250x104.png 250w, https:\/\/www.intrasonictechnology.com\/wp-content\/uploads\/buy-now-700x291.png 700w, https:\/\/www.intrasonictechnology.com\/wp-content\/uploads\/buy-now-768x319.png 768w, https:\/\/www.intrasonictechnology.com\/wp-content\/uploads\/buy-now-1536x637.png 1536w, https:\/\/www.intrasonictechnology.com\/wp-content\/uploads\/buy-now-2048x850.png 2048w, https:\/\/www.intrasonictechnology.com\/wp-content\/uploads\/buy-now-120x50.png 120w\" data-sizes=\"(max-width: 188px) 100vw, 188px\" src=\"data:image\/svg+xml;base64,PHN2ZyB3aWR0aD0iMSIgaGVpZ2h0PSIxIiB4bWxucz0iaHR0cDovL3d3dy53My5vcmcvMjAwMC9zdmciPjwvc3ZnPg==\" style=\"--smush-placeholder-width: 188px; --smush-placeholder-aspect-ratio: 188\/78;\" \/><\/a><\/p>\n<h3><\/h3>\n<p>&nbsp;<\/p>\n","protected":false},"excerpt":{"rendered":"\u00bfCu\u00e1l es la forma m\u00e1s segura de abrir la puerta cuando tienes una visita? \u00bfC\u00f3mo contesta a su puerta? \u00bfAbrir la puerta con la cerradura de cadena y asomarse? \u00bfMirar por la \u00abmirilla\u00bb y hablar a trav\u00e9s de la puerta? Te arriesgas a ser v\u00edctima de un robo al abrir la puerta o incluso al&hellip;<!-- READ MORE TEXT HERE -->","protected":false},"author":1,"featured_media":0,"parent":0,"menu_order":0,"comment_status":"closed","ping_status":"closed","template":"","meta":{"_acf_changed":false,"om_disable_all_campaigns":false,"_monsterinsights_skip_tracking":false,"_monsterinsights_sitenote_active":false,"_monsterinsights_sitenote_note":"","_monsterinsights_sitenote_category":0,"footnotes":""},"class_list":["post-9323","page","type-page","status-publish","hentry"],"acf":[],"aioseo_notices":[],"_links":{"self":[{"href":"https:\/\/www.intrasonictechnology.com\/es\/wp-json\/wp\/v2\/pages\/9323","targetHints":{"allow":["GET"]}}],"collection":[{"href":"https:\/\/www.intrasonictechnology.com\/es\/wp-json\/wp\/v2\/pages"}],"about":[{"href":"https:\/\/www.intrasonictechnology.com\/es\/wp-json\/wp\/v2\/types\/page"}],"author":[{"embeddable":true,"href":"https:\/\/www.intrasonictechnology.com\/es\/wp-json\/wp\/v2\/users\/1"}],"replies":[{"embeddable":true,"href":"https:\/\/www.intrasonictechnology.com\/es\/wp-json\/wp\/v2\/comments?post=9323"}],"version-history":[{"count":0,"href":"https:\/\/www.intrasonictechnology.com\/es\/wp-json\/wp\/v2\/pages\/9323\/revisions"}],"wp:attachment":[{"href":"https:\/\/www.intrasonictechnology.com\/es\/wp-json\/wp\/v2\/media?parent=9323"}],"curies":[{"name":"wp","href":"https:\/\/api.w.org\/{rel}","templated":true}]}}