{"id":9317,"date":"2018-08-13T18:09:31","date_gmt":"2018-08-13T18:09:31","guid":{"rendered":"https:\/\/www.intrasonictechnology.com\/controles-de-volumen\/"},"modified":"2026-03-19T11:16:59","modified_gmt":"2026-03-19T11:16:59","slug":"controles-de-volumen","status":"publish","type":"page","link":"https:\/\/www.intrasonictechnology.com\/es\/altavoces\/controles-de-volumen\/","title":{"rendered":"Controles de volumen"},"content":{"rendered":"<h2><img decoding=\"async\" class=\"alignnone wp-image-8590 lazyload\" data-src=\"https:\/\/www.intrasonictechnology.com\/wp-content\/uploads\/Bluetooth-Apartment-web_edited-1-scaled.jpg\" alt=\"\" width=\"736\" height=\"490\" data-srcset=\"https:\/\/www.intrasonictechnology.com\/wp-content\/uploads\/Bluetooth-Apartment-web_edited-1-scaled.jpg 2560w, https:\/\/www.intrasonictechnology.com\/wp-content\/uploads\/Bluetooth-Apartment-web_edited-1-250x167.jpg 250w, https:\/\/www.intrasonictechnology.com\/wp-content\/uploads\/Bluetooth-Apartment-web_edited-1-700x467.jpg 700w, https:\/\/www.intrasonictechnology.com\/wp-content\/uploads\/Bluetooth-Apartment-web_edited-1-768x512.jpg 768w, https:\/\/www.intrasonictechnology.com\/wp-content\/uploads\/Bluetooth-Apartment-web_edited-1-1536x1024.jpg 1536w, https:\/\/www.intrasonictechnology.com\/wp-content\/uploads\/Bluetooth-Apartment-web_edited-1-2048x1365.jpg 2048w, https:\/\/www.intrasonictechnology.com\/wp-content\/uploads\/Bluetooth-Apartment-web_edited-1-120x80.jpg 120w, https:\/\/www.intrasonictechnology.com\/wp-content\/uploads\/Bluetooth-Apartment-web_edited-1-600x400.jpg 600w\" data-sizes=\"(max-width: 736px) 100vw, 736px\" src=\"data:image\/svg+xml;base64,PHN2ZyB3aWR0aD0iMSIgaGVpZ2h0PSIxIiB4bWxucz0iaHR0cDovL3d3dy53My5vcmcvMjAwMC9zdmciPjwvc3ZnPg==\" style=\"--smush-placeholder-width: 736px; --smush-placeholder-aspect-ratio: 736\/490;\" \/><\/h2>\n<h2>JA-BT-VC Control de volumen Bluetooth est\u00e9reo<\/h2>\n<p>Una forma estupenda de a\u00f1adir m\u00fasica individual a cada habitaci\u00f3n de tu casa u oficina para que tengas opciones musicales personales.<\/p>\n<ul>\n<li>30 Vatios, Tecnolog\u00eda Bluetooth \u00ae, Aprox. 30\u2032 de distancia.<\/li>\n<li>M\u00f3dulo est\u00e9reo 3.0 + EDR<\/li>\n<li>Amplificador de alta eficiencia 30Wx2 Clase D<\/li>\n<li>Gama de frecuencias: 20-20k Hz<\/li>\n<li>Entrada est\u00e9reo: 3,5 mm<\/li>\n<li>Se requiere un transformador de 24V DC de 3 amperios &#8211; Coste adicional<\/li>\n<\/ul>\n<h3><a href=\"https:\/\/www.intrasonictechnology.com\/es\/buscar-un-distribuidor\/\"><img decoding=\"async\" class=\"alignnone wp-image-8991 lazyload\" data-src=\"https:\/\/www.intrasonictechnology.com\/wp-content\/uploads\/Buy-it-now-button_edited-1.png\" alt=\"\" width=\"154\" height=\"123\" data-srcset=\"https:\/\/www.intrasonictechnology.com\/wp-content\/uploads\/Buy-it-now-button_edited-1.png 303w, https:\/\/www.intrasonictechnology.com\/wp-content\/uploads\/Buy-it-now-button_edited-1-250x200.png 250w, https:\/\/www.intrasonictechnology.com\/wp-content\/uploads\/Buy-it-now-button_edited-1-120x96.png 120w, https:\/\/www.intrasonictechnology.com\/wp-content\/uploads\/Buy-it-now-button_edited-1-300x242.png 300w\" data-sizes=\"(max-width: 154px) 100vw, 154px\" src=\"data:image\/svg+xml;base64,PHN2ZyB3aWR0aD0iMSIgaGVpZ2h0PSIxIiB4bWxucz0iaHR0cDovL3d3dy53My5vcmcvMjAwMC9zdmciPjwvc3ZnPg==\" style=\"--smush-placeholder-width: 154px; --smush-placeholder-aspect-ratio: 154\/123;\" \/><\/a><\/h3>\n<p>&nbsp;<\/p>\n<h2>Control de volumen<\/h2>\n<h1><img decoding=\"async\" width=\"300\" height=\"300\" class=\"alignnone size-full wp-image-8588 lazyload\" data-src=\"https:\/\/www.intrasonictechnology.com\/wp-content\/uploads\/VC-small.jpg\" alt=\"\" data-srcset=\"https:\/\/www.intrasonictechnology.com\/wp-content\/uploads\/VC-small.jpg 300w, https:\/\/www.intrasonictechnology.com\/wp-content\/uploads\/VC-small-250x250.jpg 250w, https:\/\/www.intrasonictechnology.com\/wp-content\/uploads\/VC-small-150x150.jpg 150w, https:\/\/www.intrasonictechnology.com\/wp-content\/uploads\/VC-small-120x120.jpg 120w, https:\/\/www.intrasonictechnology.com\/wp-content\/uploads\/VC-small-100x100.jpg 100w\" data-sizes=\"(max-width: 300px) 100vw, 300px\" src=\"data:image\/svg+xml;base64,PHN2ZyB3aWR0aD0iMSIgaGVpZ2h0PSIxIiB4bWxucz0iaHR0cDovL3d3dy53My5vcmcvMjAwMC9zdmciPjwvc3ZnPg==\" style=\"--smush-placeholder-width: 300px; --smush-placeholder-aspect-ratio: 300\/300;\" \/><\/h1>\n<h2>Entrada de MP3<\/h2>\n<p><img decoding=\"async\" width=\"300\" height=\"300\" class=\"alignnone size-full wp-image-8589 lazyload\" data-src=\"https:\/\/www.intrasonictechnology.com\/wp-content\/uploads\/MP3-smaller.jpg\" alt=\"\" data-srcset=\"https:\/\/www.intrasonictechnology.com\/wp-content\/uploads\/MP3-smaller.jpg 300w, https:\/\/www.intrasonictechnology.com\/wp-content\/uploads\/MP3-smaller-250x250.jpg 250w, https:\/\/www.intrasonictechnology.com\/wp-content\/uploads\/MP3-smaller-150x150.jpg 150w, https:\/\/www.intrasonictechnology.com\/wp-content\/uploads\/MP3-smaller-120x120.jpg 120w, https:\/\/www.intrasonictechnology.com\/wp-content\/uploads\/MP3-smaller-100x100.jpg 100w\" data-sizes=\"(max-width: 300px) 100vw, 300px\" src=\"data:image\/svg+xml;base64,PHN2ZyB3aWR0aD0iMSIgaGVpZ2h0PSIxIiB4bWxucz0iaHR0cDovL3d3dy53My5vcmcvMjAwMC9zdmciPjwvc3ZnPg==\" style=\"--smush-placeholder-width: 300px; --smush-placeholder-aspect-ratio: 300\/300;\" \/><\/p>\n<h1><\/h1>\n<h2>Diagrama de cableado<\/h2>\n<h1><img decoding=\"async\" width=\"316\" height=\"284\" class=\"alignnone size-full wp-image-1953 lazyload\" data-src=\"https:\/\/www.intrasonictechnology.com\/wp-content\/uploads\/JA_BT_VC_Diagram.png\" alt=\"\" data-srcset=\"https:\/\/www.intrasonictechnology.com\/wp-content\/uploads\/JA_BT_VC_Diagram.png 316w, https:\/\/www.intrasonictechnology.com\/wp-content\/uploads\/JA_BT_VC_Diagram-250x225.png 250w, https:\/\/www.intrasonictechnology.com\/wp-content\/uploads\/JA_BT_VC_Diagram-120x108.png 120w\" data-sizes=\"(max-width: 316px) 100vw, 316px\" src=\"data:image\/svg+xml;base64,PHN2ZyB3aWR0aD0iMSIgaGVpZ2h0PSIxIiB4bWxucz0iaHR0cDovL3d3dy53My5vcmcvMjAwMC9zdmciPjwvc3ZnPg==\" style=\"--smush-placeholder-width: 316px; --smush-placeholder-aspect-ratio: 316\/284;\" \/><\/h1>\n<p>&nbsp;<\/p>\n<p><a href=\"https:\/\/youtu.be\/_jO3EyNU9jg\" target=\"_blank\" rel=\"noopener noreferrer\">Ver v\u00eddeo de demostraci\u00f3n \u25b8<\/a><\/p>\n<h3><\/h3>\n","protected":false},"excerpt":{"rendered":"JA-BT-VC Control de volumen Bluetooth est\u00e9reo Una forma estupenda de a\u00f1adir m\u00fasica individual a cada habitaci\u00f3n de tu casa u oficina para que tengas opciones musicales personales. 30 Vatios, Tecnolog\u00eda Bluetooth \u00ae, Aprox. 30\u2032 de distancia. M\u00f3dulo est\u00e9reo 3.0 + EDR Amplificador de alta eficiencia 30Wx2 Clase D Gama de frecuencias: 20-20k Hz Entrada est\u00e9reo:&hellip;<!-- READ MORE TEXT HERE -->","protected":false},"author":1,"featured_media":0,"parent":9332,"menu_order":0,"comment_status":"closed","ping_status":"closed","template":"","meta":{"_acf_changed":false,"om_disable_all_campaigns":false,"_monsterinsights_skip_tracking":false,"_monsterinsights_sitenote_active":false,"_monsterinsights_sitenote_note":"","_monsterinsights_sitenote_category":0,"footnotes":""},"class_list":["post-9317","page","type-page","status-publish","hentry"],"acf":[],"aioseo_notices":[],"_links":{"self":[{"href":"https:\/\/www.intrasonictechnology.com\/es\/wp-json\/wp\/v2\/pages\/9317","targetHints":{"allow":["GET"]}}],"collection":[{"href":"https:\/\/www.intrasonictechnology.com\/es\/wp-json\/wp\/v2\/pages"}],"about":[{"href":"https:\/\/www.intrasonictechnology.com\/es\/wp-json\/wp\/v2\/types\/page"}],"author":[{"embeddable":true,"href":"https:\/\/www.intrasonictechnology.com\/es\/wp-json\/wp\/v2\/users\/1"}],"replies":[{"embeddable":true,"href":"https:\/\/www.intrasonictechnology.com\/es\/wp-json\/wp\/v2\/comments?post=9317"}],"version-history":[{"count":0,"href":"https:\/\/www.intrasonictechnology.com\/es\/wp-json\/wp\/v2\/pages\/9317\/revisions"}],"up":[{"embeddable":true,"href":"https:\/\/www.intrasonictechnology.com\/es\/wp-json\/wp\/v2\/pages\/9332"}],"wp:attachment":[{"href":"https:\/\/www.intrasonictechnology.com\/es\/wp-json\/wp\/v2\/media?parent=9317"}],"curies":[{"name":"wp","href":"https:\/\/api.w.org\/{rel}","templated":true}]}}