{"id":9312,"date":"2018-08-13T17:58:49","date_gmt":"2018-08-13T17:58:49","guid":{"rendered":"https:\/\/www.intrasonictechnology.com\/sub-woofers\/"},"modified":"2026-03-19T11:18:39","modified_gmt":"2026-03-19T11:18:39","slug":"sub-woofers","status":"publish","type":"page","link":"https:\/\/www.intrasonictechnology.com\/es\/altavoces\/sub-woofers\/","title":{"rendered":"Sub Woofers"},"content":{"rendered":"<h2>Subwoofers JA Audio<\/h2>\n<p>Ofrece unas frecuencias graves que se pueden sentir, totalmente ajustables para hacer vibrar las paredes o simplemente para a\u00f1adir un poco de auge y hacer que la experiencia del cine en casa sea a\u00fan m\u00e1s real. Ideal para v\u00eddeos musicales, pel\u00edculas con tormentas, pel\u00edculas de acci\u00f3n.<\/p>\n<p><strong>Subwoofer motorizado JA-SS7:<\/strong> Amplificador incorporado de 80 W, m\u00e1ximo 120 W.<\/p>\n<ul>\n<li><em>Woofer: 6&#8243; x 9&#8243; Subwoofer activo de largo alcance para reproducir las frecuencias bajas<\/em><\/li>\n<li><em>Dimensiones: (Ancho x Alto x Fondo): 9 7\/8&#8243; x 14&#8243; x 13&#8243;<\/em><\/li>\n<li><em>Conexiones: Jack RCA y terminales de resorte<\/em><\/li>\n<\/ul>\n<p><strong>Subwoofer motorizado JA-SS10:<\/strong> Amplificador incorporado de 120 W, potencia m\u00e1xima de 200 W.<\/p>\n<ul>\n<li><em>Woofer: 10&#8243;. Woofer de largo alcance para reproducir las bajas frecuencias<\/em><\/li>\n<li><em>Dimensiones: 14,5&#8243; (ancho) x 14,5&#8243; (fondo) x 15&#8243; (alto)<\/em><\/li>\n<li><em>Conexiones: Jack RCA y terminales de resorte<\/em><\/li>\n<\/ul>\n<p><a href=\"https:\/\/www.intrasonictechnology.com\/es\/buscar-un-distribuidor\/\"><img decoding=\"async\" class=\"alignnone wp-image-8991 lazyload\" data-src=\"https:\/\/www.intrasonictechnology.com\/wp-content\/uploads\/Buy-it-now-button_edited-1.png\" alt=\"\" width=\"137\" height=\"109\" data-srcset=\"https:\/\/www.intrasonictechnology.com\/wp-content\/uploads\/Buy-it-now-button_edited-1.png 303w, https:\/\/www.intrasonictechnology.com\/wp-content\/uploads\/Buy-it-now-button_edited-1-250x200.png 250w, https:\/\/www.intrasonictechnology.com\/wp-content\/uploads\/Buy-it-now-button_edited-1-120x96.png 120w\" data-sizes=\"(max-width: 137px) 100vw, 137px\" src=\"data:image\/svg+xml;base64,PHN2ZyB3aWR0aD0iMSIgaGVpZ2h0PSIxIiB4bWxucz0iaHR0cDovL3d3dy53My5vcmcvMjAwMC9zdmciPjwvc3ZnPg==\" style=\"--smush-placeholder-width: 137px; --smush-placeholder-aspect-ratio: 137\/109;\" \/><\/a><\/p>\n<p><span style=\"color: #000080;\"><a style=\"color: #000080;\" href=\"https:\/\/www.intrasonictechnology.com\/speakers\/outdoor-speakers\/\">Altavoces para exteriores \u25b8<\/a><\/span><\/p>\n","protected":false},"excerpt":{"rendered":"Subwoofers JA Audio Ofrece unas frecuencias graves que se pueden sentir, totalmente ajustables para hacer vibrar las paredes o simplemente para a\u00f1adir un poco de auge y hacer que la experiencia del cine en casa sea a\u00fan m\u00e1s real. Ideal para v\u00eddeos musicales, pel\u00edculas con tormentas, pel\u00edculas de acci\u00f3n. Subwoofer motorizado JA-SS7: Amplificador incorporado de&hellip;<!-- READ MORE TEXT HERE -->","protected":false},"author":1,"featured_media":0,"parent":9332,"menu_order":0,"comment_status":"closed","ping_status":"closed","template":"","meta":{"_acf_changed":false,"om_disable_all_campaigns":false,"_monsterinsights_skip_tracking":false,"_monsterinsights_sitenote_active":false,"_monsterinsights_sitenote_note":"","_monsterinsights_sitenote_category":0,"footnotes":""},"class_list":["post-9312","page","type-page","status-publish","hentry"],"acf":[],"aioseo_notices":[],"_links":{"self":[{"href":"https:\/\/www.intrasonictechnology.com\/es\/wp-json\/wp\/v2\/pages\/9312","targetHints":{"allow":["GET"]}}],"collection":[{"href":"https:\/\/www.intrasonictechnology.com\/es\/wp-json\/wp\/v2\/pages"}],"about":[{"href":"https:\/\/www.intrasonictechnology.com\/es\/wp-json\/wp\/v2\/types\/page"}],"author":[{"embeddable":true,"href":"https:\/\/www.intrasonictechnology.com\/es\/wp-json\/wp\/v2\/users\/1"}],"replies":[{"embeddable":true,"href":"https:\/\/www.intrasonictechnology.com\/es\/wp-json\/wp\/v2\/comments?post=9312"}],"version-history":[{"count":0,"href":"https:\/\/www.intrasonictechnology.com\/es\/wp-json\/wp\/v2\/pages\/9312\/revisions"}],"up":[{"embeddable":true,"href":"https:\/\/www.intrasonictechnology.com\/es\/wp-json\/wp\/v2\/pages\/9332"}],"wp:attachment":[{"href":"https:\/\/www.intrasonictechnology.com\/es\/wp-json\/wp\/v2\/media?parent=9312"}],"curies":[{"name":"wp","href":"https:\/\/api.w.org\/{rel}","templated":true}]}}