{"id":9306,"date":"2018-08-13T18:33:59","date_gmt":"2018-08-13T18:33:59","guid":{"rendered":"https:\/\/www.intrasonictechnology.com\/videos-de-productos\/videos-de-demostracion-de-productos\/"},"modified":"2026-03-19T11:21:07","modified_gmt":"2026-03-19T11:21:07","slug":"videos-de-demostracion-de-productos","status":"publish","type":"page","link":"https:\/\/www.intrasonictechnology.com\/es\/asistencia-al-cliente\/videos-de-productos\/videos-de-demostracion-de-productos\/","title":{"rendered":"V\u00eddeos de demostraci\u00f3n de productos"},"content":{"rendered":"<h2>V\u00eddeos de demostraci\u00f3n de productos<\/h2>\n","protected":false},"excerpt":{"rendered":"V\u00eddeos de demostraci\u00f3n de productos","protected":false},"author":1,"featured_media":0,"parent":9301,"menu_order":0,"comment_status":"closed","ping_status":"closed","template":"","meta":{"_acf_changed":false,"om_disable_all_campaigns":false,"_monsterinsights_skip_tracking":false,"_monsterinsights_sitenote_active":false,"_monsterinsights_sitenote_note":"","_monsterinsights_sitenote_category":0,"footnotes":""},"class_list":["post-9306","page","type-page","status-publish","hentry"],"acf":[],"aioseo_notices":[],"_links":{"self":[{"href":"https:\/\/www.intrasonictechnology.com\/es\/wp-json\/wp\/v2\/pages\/9306","targetHints":{"allow":["GET"]}}],"collection":[{"href":"https:\/\/www.intrasonictechnology.com\/es\/wp-json\/wp\/v2\/pages"}],"about":[{"href":"https:\/\/www.intrasonictechnology.com\/es\/wp-json\/wp\/v2\/types\/page"}],"author":[{"embeddable":true,"href":"https:\/\/www.intrasonictechnology.com\/es\/wp-json\/wp\/v2\/users\/1"}],"replies":[{"embeddable":true,"href":"https:\/\/www.intrasonictechnology.com\/es\/wp-json\/wp\/v2\/comments?post=9306"}],"version-history":[{"count":0,"href":"https:\/\/www.intrasonictechnology.com\/es\/wp-json\/wp\/v2\/pages\/9306\/revisions"}],"up":[{"embeddable":true,"href":"https:\/\/www.intrasonictechnology.com\/es\/wp-json\/wp\/v2\/pages\/9301"}],"wp:attachment":[{"href":"https:\/\/www.intrasonictechnology.com\/es\/wp-json\/wp\/v2\/media?parent=9306"}],"curies":[{"name":"wp","href":"https:\/\/api.w.org\/{rel}","templated":true}]}}