{"id":9298,"date":"2018-09-13T21:56:26","date_gmt":"2018-09-13T21:56:26","guid":{"rendered":"https:\/\/www.intrasonictechnology.com\/registro-de-productos\/"},"modified":"2026-03-19T12:08:57","modified_gmt":"2026-03-19T12:08:57","slug":"registro-de-productos","status":"publish","type":"page","link":"https:\/\/www.intrasonictechnology.com\/es\/asistencia-al-cliente\/registro-de-productos\/","title":{"rendered":"Registro de productos"},"content":{"rendered":"<h2>Registre su producto<\/h2>\n<div class=\"frm_forms  with_frm_style frm_style_formidable-style\" id=\"frm_form_7_container\" data-token=\"2e7a32ceef7c5871837a1cc7367236f0\">\n<form enctype=\"multipart\/form-data\" method=\"post\" class=\"frm-show-form  frm_pro_form \" id=\"form_sf5us\" data-token=\"2e7a32ceef7c5871837a1cc7367236f0\">\n<div class=\"frm_form_fields \">\n<fieldset>\n<legend class=\"frm_screen_reader\">Registre su Producto<\/legend>\r\n\r\n<div class=\"frm_fields_container\">\n<input type=\"hidden\" name=\"frm_action\" value=\"create\" \/>\n<input type=\"hidden\" name=\"form_id\" value=\"7\" \/>\n<input type=\"hidden\" name=\"frm_hide_fields_7\" id=\"frm_hide_fields_7\" value=\"\" \/>\n<input type=\"hidden\" name=\"form_key\" value=\"sf5us\" \/>\n<input type=\"hidden\" name=\"item_meta[0]\" value=\"\" \/>\n<input type=\"hidden\" id=\"frm_submit_entry_7\" name=\"frm_submit_entry_7\" value=\"ce212d0777\" \/><input type=\"hidden\" name=\"_wp_http_referer\" value=\"\/es\/wp-json\/wp\/v2\/pages\/9298\" \/><div id=\"frm_field_73_container\" class=\"frm_form_field form-field  frm_top_container\">\r\n    <label for=\"field_ea3tw\" class=\"frm_primary_label\">\u00bfCual es el numero de modelo?\r\n        <span class=\"frm_required\"><\/span>\r\n    <\/label>\r\n    \t\t<select name=\"item_meta[73]\" id=\"field_ea3tw\"  data-invmsg=\"\u00bfCual es el numero de modelo? no es v\u00e1lido\" aria-invalid=\"false\"  >\n\t\t<option  value=\"\" selected='selected'> <\/option><option  value=\"I2000\">I2000<\/option><option  value=\"RETRO\">RETRO<\/option><option  value=\"I600\">I600<\/option>\t<\/select>\n\t\r\n    \r\n    \r\n<\/div>\n<div id=\"frm_field_74_container\" class=\"frm_form_field form-field  frm_top_container\">\r\n    <label for=\"field_dzwwl\" class=\"frm_primary_label\">Fecha de Instalaci\u00f3n\r\n        <span class=\"frm_required\"><\/span>\r\n    <\/label>\r\n    <input type=\"text\" id=\"field_dzwwl\" name=\"item_meta[74]\" value=\"\"  maxlength=\"10\" data-invmsg=\"Date is invalid\" class=\"frm_date\" aria-invalid=\"false\"  \/>\r\n    \r\n    \r\n<\/div>\n<div id=\"frm_field_75_container\" class=\"frm_form_field form-field  frm_top_container\">\r\n    <label for=\"field_tnal7\" class=\"frm_primary_label\">Nombre\r\n        <span class=\"frm_required\"><\/span>\r\n    <\/label>\r\n    <input  type=\"text\" id=\"field_tnal7\" name=\"item_meta[75]\" value=\"\"  data-invmsg=\"Text is invalid\" aria-invalid=\"false\"   \/>\r\n    \r\n    \r\n<\/div>\n<div id=\"frm_field_76_container\" class=\"frm_form_field form-field  frm_top_container\">\r\n    <label for=\"field_m061c\" class=\"frm_primary_label\">Correo Electr\u00f3nico\r\n        <span class=\"frm_required\"><\/span>\r\n    <\/label>\r\n    <input type=\"email\" id=\"field_m061c\" name=\"item_meta[76]\" value=\"\"  data-invmsg=\"el Correo electr\u00f3nico es invalido\" aria-invalid=\"false\"  \/>\r\n    \r\n    \r\n<\/div>\n<div id=\"frm_field_77_container\" class=\"frm_form_field form-field  frm_top_container\">\r\n    <label  class=\"frm_primary_label\">Direcci\u00f3n\r\n        <span class=\"frm_required\"><\/span>\r\n    <\/label>\r\n    <fieldset aria-labelledby=\"field_11ytb_label\">\n<legend class=\"frm_screen_reader frm_hidden\">\n\tDirecci\u00f3n<\/legend>\n<div class=\"frm_combo_inputs_container\">\n<div id=\"frm_field_77-line1_container\" class=\"frm_form_field form-field \">\n\t<label for=\"field_11ytb_line1\" class=\"frm_screen_reader frm_hidden\">\n\t\tDirecci\u00f3n\t<\/label>\n\t\t<input type=\"text\" id=\"field_11ytb_line1\" value=\"\" name=\"item_meta[77][line1]\"  data-invmsg=\"Direcci\u00f3n no es v\u00e1lido\" aria-invalid=\"false\"   autocomplete=\"address-line1\" \/>\n\t<\/div>\n<div id=\"frm_field_77-line2_container\" class=\"frm_form_field form-field \">\n\t<label for=\"field_11ytb_line2\" class=\"frm_screen_reader frm_hidden\">\n\t\tDirecci\u00f3n\t<\/label>\n\t\t<input type=\"text\" id=\"field_11ytb_line2\" value=\"\" name=\"item_meta[77][line2]\"  data-invmsg=\"Direcci\u00f3n no es v\u00e1lido\" class=\"frm_optional\" aria-invalid=\"false\"   autocomplete=\"address-line2\" \/>\n\t<\/div>\n<div id=\"frm_field_77-city_container\" class=\"frm_form_field form-field frm_third frm_first\">\n\t<label for=\"field_11ytb_city\" class=\"frm_screen_reader frm_hidden\">\n\t\tCiudad\t<\/label>\n\t\t<input type=\"text\" id=\"field_11ytb_city\" value=\"\" name=\"item_meta[77][city]\"  data-invmsg=\"Direcci\u00f3n no es v\u00e1lido\" aria-invalid=\"false\"   autocomplete=\"address-level2\" \/>\n\t<div class=\"frm_description\">Ciudad<\/div><\/div>\n<div id=\"frm_field_77-state_container\" class=\"frm_form_field form-field frm_third\">\n\t<label for=\"field_11ytb_state\" class=\"frm_screen_reader frm_hidden\">\n\t\tEstado o Provincia\t<\/label>\n\t\t<input type=\"text\" id=\"field_11ytb_state\" value=\"\" name=\"item_meta[77][state]\"  data-invmsg=\"Direcci\u00f3n no es v\u00e1lido\" aria-invalid=\"false\"   autocomplete=\"address-level1\" \/>\n\t<div class=\"frm_description\">Estado o Provincia<\/div><\/div>\n<div id=\"frm_field_77-zip_container\" class=\"frm_form_field form-field frm_third\">\n\t<label for=\"field_11ytb_zip\" class=\"frm_screen_reader frm_hidden\">\n\t\tC\u00f3digo Postal\t<\/label>\n\t\t<input type=\"text\" id=\"field_11ytb_zip\" value=\"\" name=\"item_meta[77][zip]\"  data-invmsg=\"Direcci\u00f3n no es v\u00e1lido\" aria-invalid=\"false\"   autocomplete=\"postal-code\" \/>\n\t<div class=\"frm_description\">C\u00f3digo Postal<\/div><\/div>\n<div id=\"frm_field_77-country_container\" class=\"frm_form_field form-field \">\n\t<label for=\"field_11ytb_country\" class=\"frm_screen_reader frm_hidden\">\n\t\tPa\u00eds\t<\/label>\n\t\t\t<select name=\"item_meta[77][country]\" id=\"field_11ytb_country\"  data-invmsg=\"Direcci\u00f3n no es v\u00e1lido\" aria-invalid=\"false\"   autocomplete=\"country-name\">\n\t\t\t<option value=\"\" class=\"\">\n\t\t\t\t \t\t\t<\/option>\n\t\t\t<option  value=\"Afganist\u00e1n\">Afganist\u00e1n<\/option><option  value=\"Albania\" data-code=\"AL\">Albania<\/option><option  value=\"Alemania\">Alemania<\/option><option  value=\"Andorra\" data-code=\"AD\">Andorra<\/option><option  value=\"Angola\" data-code=\"AO\">Angola<\/option><option  value=\"Anguila\">Anguila<\/option><option  value=\"Antigua y Barbuda\">Antigua y Barbuda<\/option><option  value=\"Ant\u00e1rtica\">Ant\u00e1rtica<\/option><option  value=\"Argelia\">Argelia<\/option><option  value=\"Argentina\" data-code=\"AR\">Argentina<\/option><option  value=\"Armenia\" data-code=\"AM\">Armenia<\/option><option  value=\"Aruba\" data-code=\"AW\">Aruba<\/option><option  value=\"Australia\" data-code=\"AU\">Australia<\/option><option  value=\"Austria\" data-code=\"AT\">Austria<\/option><option  value=\"Azerbaiy\u00e1n\">Azerbaiy\u00e1n<\/option><option  value=\"Bahamas\" data-code=\"BS\">Bahamas<\/option><option  value=\"Bangladesh\" data-code=\"BD\">Bangladesh<\/option><option  value=\"Barbados\" data-code=\"BB\">Barbados<\/option><option  value=\"Bar\u00e9in\">Bar\u00e9in<\/option><option  value=\"Belize\" data-code=\"BZ\">Belize<\/option><option  value=\"Ben\u00edn\">Ben\u00edn<\/option><option  value=\"Bermudas\">Bermudas<\/option><option  value=\"Bielorrusia\">Bielorrusia<\/option><option  value=\"Bolivia\" data-code=\"BO\">Bolivia<\/option><option  value=\"Bonaire, San Eustaquio y Saba\">Bonaire, San Eustaquio y Saba<\/option><option  value=\"Bosnia y Herzegovina\">Bosnia y Herzegovina<\/option><option  value=\"Botsuana\">Botsuana<\/option><option  value=\"Brasil\">Brasil<\/option><option  value=\"Brun\u00e9i\">Brun\u00e9i<\/option><option  value=\"Bulgaria\" data-code=\"BG\">Bulgaria<\/option><option  value=\"Burkina Faso\" data-code=\"BF\">Burkina Faso<\/option><option  value=\"Burundi\" data-code=\"BI\">Burundi<\/option><option  value=\"But\u00e1n\">But\u00e1n<\/option><option  value=\"B\u00e9lgica\">B\u00e9lgica<\/option><option  value=\"Cabo Verde\">Cabo Verde<\/option><option  value=\"Camboya\">Camboya<\/option><option  value=\"Camer\u00fan\">Camer\u00fan<\/option><option  value=\"Canad\u00e1\">Canad\u00e1<\/option><option  value=\"Chad\" data-code=\"TD\">Chad<\/option><option  value=\"Chile\" data-code=\"CL\">Chile<\/option><option  value=\"China\" data-code=\"CN\">China<\/option><option  value=\"Chipre\">Chipre<\/option><option  value=\"Ciudad del Vaticano\">Ciudad del Vaticano<\/option><option  value=\"Colombia\" data-code=\"CO\">Colombia<\/option><option  value=\"Comoras\">Comoras<\/option><option  value=\"Congo\">Congo<\/option><option  value=\"Corea del Norte\">Corea del Norte<\/option><option  value=\"Corea del Sur\">Corea del Sur<\/option><option  value=\"Costa Rica\" data-code=\"CR\">Costa Rica<\/option><option  value=\"Costa de Marfil\">Costa de Marfil<\/option><option  value=\"Croacia\">Croacia<\/option><option  value=\"Cuba\" data-code=\"CU\">Cuba<\/option><option  value=\"Curazao\">Curazao<\/option><option  value=\"Dinamarca\">Dinamarca<\/option><option  value=\"Dominica\" data-code=\"DM\">Dominica<\/option><option  value=\"Ecuador\" data-code=\"EC\">Ecuador<\/option><option  value=\"Egipto\">Egipto<\/option><option  value=\"El Salvador\" data-code=\"SV\">El Salvador<\/option><option  value=\"Emiratos \u00c1rabes Unidos\">Emiratos \u00c1rabes Unidos<\/option><option  value=\"Eritrea\" data-code=\"ER\">Eritrea<\/option><option  value=\"Eslovaquia\">Eslovaquia<\/option><option  value=\"Eslovenia\">Eslovenia<\/option><option  value=\"Espa\u00f1a\">Espa\u00f1a<\/option><option  value=\"Estados Unidos\">Estados Unidos<\/option><option  value=\"Estonia\" data-code=\"EE\">Estonia<\/option><option  value=\"Etiop\u00eda\">Etiop\u00eda<\/option><option  value=\"Fiji\" data-code=\"FJ\">Fiji<\/option><option  value=\"Filipinas\">Filipinas<\/option><option  value=\"Finlandia\">Finlandia<\/option><option  value=\"Francia\">Francia<\/option><option  value=\"Gab\u00f3n\">Gab\u00f3n<\/option><option  value=\"Gambia\" data-code=\"GM\">Gambia<\/option><option  value=\"Georgia\" data-code=\"GE\">Georgia<\/option><option  value=\"Ghana\" data-code=\"GH\">Ghana<\/option><option  value=\"Gibraltar\" data-code=\"GI\">Gibraltar<\/option><option  value=\"Granada\">Granada<\/option><option  value=\"Grecia\">Grecia<\/option><option  value=\"Groenlandia\">Groenlandia<\/option><option  value=\"Guadalupe\">Guadalupe<\/option><option  value=\"Guam\" data-code=\"GU\">Guam<\/option><option  value=\"Guatemala\" data-code=\"GT\">Guatemala<\/option><option  value=\"Guayana Francesa\">Guayana Francesa<\/option><option  value=\"Guernsey\" data-code=\"GG\">Guernsey<\/option><option  value=\"Guinea\" data-code=\"GN\">Guinea<\/option><option  value=\"Guinea Ecuatorial\">Guinea Ecuatorial<\/option><option  value=\"Guinea-Bis\u00e1u\">Guinea-Bis\u00e1u<\/option><option  value=\"Guyana\" data-code=\"GY\">Guyana<\/option><option  value=\"Hait\u00ed\">Hait\u00ed<\/option><option  value=\"Honduras\" data-code=\"HN\">Honduras<\/option><option  value=\"Hong Kong\" data-code=\"HK\">Hong Kong<\/option><option  value=\"Hungr\u00eda\">Hungr\u00eda<\/option><option  value=\"India\" data-code=\"IN\">India<\/option><option  value=\"Indonesia\" data-code=\"ID\">Indonesia<\/option><option  value=\"Iraq\" data-code=\"IQ\">Iraq<\/option><option  value=\"Irlanda\">Irlanda<\/option><option  value=\"Ir\u00e1n\">Ir\u00e1n<\/option><option  value=\"Isla Bouvet\">Isla Bouvet<\/option><option  value=\"Isla Norfolk\">Isla Norfolk<\/option><option  value=\"Isla de Man\">Isla de Man<\/option><option  value=\"Isla de Navidad\">Isla de Navidad<\/option><option  value=\"Islandia\">Islandia<\/option><option  value=\"Islas Aland\">Islas Aland<\/option><option  value=\"Islas Caim\u00e1n\">Islas Caim\u00e1n<\/option><option  value=\"Islas Cocos (Keeling)\">Islas Cocos (Keeling)<\/option><option  value=\"Islas Cook\">Islas Cook<\/option><option  value=\"Islas Feroe\">Islas Feroe<\/option><option  value=\"Islas Georgias del Sur y Sandwich del Sur\">Islas Georgias del Sur y Sandwich del Sur<\/option><option  value=\"Islas Heard y McDonald\">Islas Heard y McDonald<\/option><option  value=\"Islas Malvinas (Falkland)\">Islas Malvinas (Falkland)<\/option><option  value=\"Islas Marianas del Norte\">Islas Marianas del Norte<\/option><option  value=\"Islas Marshall\">Islas Marshall<\/option><option  value=\"Islas Salom\u00f3n\">Islas Salom\u00f3n<\/option><option  value=\"Islas Turcas y Caicos\">Islas Turcas y Caicos<\/option><option  value=\"Islas Ultramarinas Menores de los Estados Unidos\">Islas Ultramarinas Menores de los Estados Unidos<\/option><option  value=\"Islas V\u00edrgenes  EE.UU.\">Islas V\u00edrgenes  EE.UU.<\/option><option  value=\"Islas V\u00edrgenes Brit\u00e1nicas\">Islas V\u00edrgenes Brit\u00e1nicas<\/option><option  value=\"Israel\" data-code=\"IL\">Israel<\/option><option  value=\"Italia\">Italia<\/option><option  value=\"Jamaica\" data-code=\"JM\">Jamaica<\/option><option  value=\"Jap\u00f3n\">Jap\u00f3n<\/option><option  value=\"Jersey\" data-code=\"JE\">Jersey<\/option><option  value=\"Jordania\">Jordania<\/option><option  value=\"Katar\">Katar<\/option><option  value=\"Kazajist\u00e1n\">Kazajist\u00e1n<\/option><option  value=\"Kenia\">Kenia<\/option><option  value=\"Kirguist\u00e1n\">Kirguist\u00e1n<\/option><option  value=\"Kiribati\" data-code=\"KI\">Kiribati<\/option><option  value=\"Kosovo\" data-code=\"XK\">Kosovo<\/option><option  value=\"Kuwait\" data-code=\"KW\">Kuwait<\/option><option  value=\"Laos\" data-code=\"LA\">Laos<\/option><option  value=\"Lesoto\">Lesoto<\/option><option  value=\"Letonia\">Letonia<\/option><option  value=\"Liberia\" data-code=\"LR\">Liberia<\/option><option  value=\"Libia\">Libia<\/option><option  value=\"Liechtenstein\" data-code=\"LI\">Liechtenstein<\/option><option  value=\"Lituania\">Lituania<\/option><option  value=\"Luxemburgo\">Luxemburgo<\/option><option  value=\"L\u00edbano\">L\u00edbano<\/option><option  value=\"Macao\" data-code=\"MO\">Macao<\/option><option  value=\"Madagascar\" data-code=\"MG\">Madagascar<\/option><option  value=\"Malasia\">Malasia<\/option><option  value=\"Malaui\">Malaui<\/option><option  value=\"Maldivas\">Maldivas<\/option><option  value=\"Mali\" data-code=\"ML\">Mali<\/option><option  value=\"Malta\" data-code=\"MT\">Malta<\/option><option  value=\"Marruecos\">Marruecos<\/option><option  value=\"Martinica\">Martinica<\/option><option  value=\"Mauricio\">Mauricio<\/option><option  value=\"Mauritania\" data-code=\"MR\">Mauritania<\/option><option  value=\"Mayotte\" data-code=\"YT\">Mayotte<\/option><option  value=\"Micronesia\" data-code=\"FM\">Micronesia<\/option><option  value=\"Moldava\">Moldava<\/option><option  value=\"Mongolia\" data-code=\"MN\">Mongolia<\/option><option  value=\"Montenegro\" data-code=\"ME\">Montenegro<\/option><option  value=\"Montserrat\" data-code=\"MS\">Montserrat<\/option><option  value=\"Mozambique\" data-code=\"MZ\">Mozambique<\/option><option  value=\"Myanmar\" data-code=\"MM\">Myanmar<\/option><option  value=\"M\u00e9xico\">M\u00e9xico<\/option><option  value=\"M\u00f3naco\">M\u00f3naco<\/option><option  value=\"Namibia\" data-code=\"NA\">Namibia<\/option><option  value=\"Nauru\" data-code=\"NR\">Nauru<\/option><option  value=\"Nepal\" data-code=\"NP\">Nepal<\/option><option  value=\"Nicaragua\" data-code=\"NI\">Nicaragua<\/option><option  value=\"Nigeria\" data-code=\"NG\">Nigeria<\/option><option  value=\"Niue\" data-code=\"NU\">Niue<\/option><option  value=\"Noruega\">Noruega<\/option><option  value=\"Nueva Caledonia\">Nueva Caledonia<\/option><option  value=\"Nueva Zelanda \">Nueva Zelanda <\/option><option  value=\"N\u00edger\">N\u00edger<\/option><option  value=\"Om\u00e1n\">Om\u00e1n<\/option><option  value=\"Pakist\u00e1n\">Pakist\u00e1n<\/option><option  value=\"Palau\" data-code=\"PW\">Palau<\/option><option  value=\"Palestina\">Palestina<\/option><option  value=\"Panam\u00e1\">Panam\u00e1<\/option><option  value=\"Pap\u00faa Nueva Guinea\">Pap\u00faa Nueva Guinea<\/option><option  value=\"Paraguay\" data-code=\"PY\">Paraguay<\/option><option  value=\"Pa\u00edses Bajos\">Pa\u00edses Bajos<\/option><option  value=\"Per\u00fa\">Per\u00fa<\/option><option  value=\"Pitcairn\" data-code=\"PN\">Pitcairn<\/option><option  value=\"Polinesia Francesa\">Polinesia Francesa<\/option><option  value=\"Polonia\">Polonia<\/option><option  value=\"Portugal\" data-code=\"PT\">Portugal<\/option><option  value=\"Puerto Rico\" data-code=\"PR\">Puerto Rico<\/option><option  value=\"Reino Unido\">Reino Unido<\/option><option  value=\"Rep\u00fablica Central de \u00c1frica \">Rep\u00fablica Central de \u00c1frica <\/option><option  value=\"Rep\u00fablica Checa\">Rep\u00fablica Checa<\/option><option  value=\"Rep\u00fablica Dominicana\">Rep\u00fablica Dominicana<\/option><option  value=\"Rep\u00fablica de Macedonia\">Rep\u00fablica de Macedonia<\/option><option  value=\"Reuni\u00f3n\">Reuni\u00f3n<\/option><option  value=\"Ruanda\">Ruanda<\/option><option  value=\"Ruman\u00eda\">Ruman\u00eda<\/option><option  value=\"Rusia\">Rusia<\/option><option  value=\"Sahara Occidental\">Sahara Occidental<\/option><option  value=\"Saint Kitts y Nevis\">Saint Kitts y Nevis<\/option><option  value=\"Samoa\" data-code=\"WS\">Samoa<\/option><option  value=\"Samoa Americana\">Samoa Americana<\/option><option  value=\"San Bartolom\u00e9\">San Bartolom\u00e9<\/option><option  value=\"San Marino\" data-code=\"SM\">San Marino<\/option><option  value=\"San Mart\u00edn (parte francesa)\">San Mart\u00edn (parte francesa)<\/option><option  value=\"San Mart\u00edn\u200b (parte holandesa)\">San Mart\u00edn\u200b (parte holandesa)<\/option><option  value=\"San Pedro y Miquel\u00f3n\">San Pedro y Miquel\u00f3n<\/option><option  value=\"San Vicente y las Granadinas \">San Vicente y las Granadinas <\/option><option  value=\"Santa Elena, Ascensi\u00f3n y Trist\u00e1n de Acu\u00f1a\">Santa Elena, Ascensi\u00f3n y Trist\u00e1n de Acu\u00f1a<\/option><option  value=\"Santa Luc\u00eda\">Santa Luc\u00eda<\/option><option  value=\"Santa Sede\">Santa Sede<\/option><option  value=\"Santo Tom\u00e9 y Pr\u00edncipe\">Santo Tom\u00e9 y Pr\u00edncipe<\/option><option  value=\"Saud\u00ed Arabia\">Saud\u00ed Arabia<\/option><option  value=\"Senegal\" data-code=\"SN\">Senegal<\/option><option  value=\"Serbia\" data-code=\"RS\">Serbia<\/option><option  value=\"Seychelles\" data-code=\"SC\">Seychelles<\/option><option  value=\"Sierra Leona\">Sierra Leona<\/option><option  value=\"Singapur\">Singapur<\/option><option  value=\"Siria\">Siria<\/option><option  value=\"Somalia\" data-code=\"SO\">Somalia<\/option><option  value=\"Sri Lanka\" data-code=\"LK\">Sri Lanka<\/option><option  value=\"Suazilandia\">Suazilandia<\/option><option  value=\"Sud\u00e1frica\">Sud\u00e1frica<\/option><option  value=\"Sud\u00e1n\">Sud\u00e1n<\/option><option  value=\"Sud\u00e1n del sur\">Sud\u00e1n del sur<\/option><option  value=\"Suecia\">Suecia<\/option><option  value=\"Suiza\">Suiza<\/option><option  value=\"Surinam\">Surinam<\/option><option  value=\"Svalbard y Jan Mayen\">Svalbard y Jan Mayen<\/option><option  value=\"Tailandia\">Tailandia<\/option><option  value=\"Taiw\u00e1n\">Taiw\u00e1n<\/option><option  value=\"Tanzania\" data-code=\"TZ\">Tanzania<\/option><option  value=\"Tayikist\u00e1n\">Tayikist\u00e1n<\/option><option  value=\"Territorio Brit\u00e1nico del Oc\u00e9ano \u00cdndico\">Territorio Brit\u00e1nico del Oc\u00e9ano \u00cdndico<\/option><option  value=\"Territorios Australes Franceses\">Territorios Australes Franceses<\/option><option  value=\"Timor Oriental\">Timor Oriental<\/option><option  value=\"Timor Oriental\">Timor Oriental<\/option><option  value=\"Togo\" data-code=\"TG\">Togo<\/option><option  value=\"Tokelau\" data-code=\"TK\">Tokelau<\/option><option  value=\"Tonga\" data-code=\"TO\">Tonga<\/option><option  value=\"Trinidad y Tobago\">Trinidad y Tobago<\/option><option  value=\"Turkmenist\u00e1n\">Turkmenist\u00e1n<\/option><option  value=\"Turqu\u00eda\">Turqu\u00eda<\/option><option  value=\"Tuvalu\" data-code=\"TV\">Tuvalu<\/option><option  value=\"T\u00fanez\">T\u00fanez<\/option><option  value=\"Ucrania\">Ucrania<\/option><option  value=\"Uganda\" data-code=\"UG\">Uganda<\/option><option  value=\"Uruguay\" data-code=\"UY\">Uruguay<\/option><option  value=\"Uzbekist\u00e1n\">Uzbekist\u00e1n<\/option><option  value=\"Vanuatu\" data-code=\"VU\">Vanuatu<\/option><option  value=\"Venezuela\" data-code=\"VE\">Venezuela<\/option><option  value=\"Vietnam\" data-code=\"VN\">Vietnam<\/option><option  value=\"Wallis y Futuna\">Wallis y Futuna<\/option><option  value=\"Yemen\" data-code=\"YE\">Yemen<\/option><option  value=\"Yibuti\">Yibuti<\/option><option  value=\"Zambia\" data-code=\"ZM\">Zambia<\/option><option  value=\"Zimbabue\">Zimbabue<\/option>\t\t<\/select>\n\t<div class=\"frm_description\">Pa\u00eds<\/div><\/div>\n<\/div>\n<\/fieldset>\n\r\n    \r\n    \r\n<\/div>\n<div id=\"frm_field_78_container\" class=\"frm_form_field form-field  frm_top_container\">\r\n    <label for=\"field_nbnlo\" class=\"frm_primary_label\">\u00bfD\u00f3nde compraste el producto?\r\n        <span class=\"frm_required\"><\/span>\r\n    <\/label>\r\n    <input  type=\"text\" id=\"field_nbnlo\" name=\"item_meta[78]\" value=\"\"  data-invmsg=\"Text is invalid\" aria-invalid=\"false\"   \/>\r\n    \r\n    \r\n<\/div>\n<div id=\"frm_field_79_container\" class=\"frm_form_field form-field  frm_top_container\">\r\n    <label for=\"field_fcvep\" class=\"frm_primary_label\">Valor de su casa?\r\n        <span class=\"frm_required\"><\/span>\r\n    <\/label>\r\n    \t\t<select name=\"item_meta[79]\" id=\"field_fcvep\"  data-invmsg=\"Valor de su casa? no es v\u00e1lido\" aria-invalid=\"false\"  >\n\t\t<option  value=\"\" selected='selected'> <\/option><option  value=\"$150-250K\">$150-250K<\/option><option  value=\"$250-350K\">$250-350K<\/option><option  value=\"$450-550K\">$450-550K<\/option><option  value=\"$500K or above\">$ 500K o m\u00e1s<\/option>\t<\/select>\n\t\r\n    \r\n    \r\n<\/div>\n<div id=\"frm_field_80_container\" class=\"frm_form_field form-field  frm_top_container\">\r\n    <label for=\"field_xicpr\" class=\"frm_primary_label\">\u00bfC\u00f3mo se enter\u00f3 del producto?\r\n        <span class=\"frm_required\"><\/span>\r\n    <\/label>\r\n    <input  type=\"text\" id=\"field_xicpr\" name=\"item_meta[80]\" value=\"\"  data-invmsg=\"Text is invalid\" aria-invalid=\"false\"   \/>\r\n    \r\n    \r\n<\/div>\n<div id=\"frm_field_81_container\" class=\"frm_form_field form-field  frm_top_container\">\r\n    <label for=\"field_s9i7l\" class=\"frm_primary_label\">\u00bfHa tenido anteriormente un producto de Intrasonic Technology?\r\n        <span class=\"frm_required\"><\/span>\r\n    <\/label>\r\n    \t\t<select name=\"item_meta[81]\" id=\"field_s9i7l\"  data-invmsg=\"\u00bfHa tenido anteriormente un producto de Intrasonic Technology? no es v\u00e1lido\" aria-invalid=\"false\"  >\n\t\t<option  value=\"\" selected='selected'> <\/option><option  value=\"Yes\">S\u00ed<\/option><option  value=\"No\">No<\/option>\t<\/select>\n\t\r\n    \r\n    \r\n<\/div>\n<div id=\"frm_field_82_container\" class=\"frm_form_field form-field  frm_top_container frm_other_container\">\r\n    <label for=\"field_d3o15\" class=\"frm_primary_label\">\u00bfQu\u00e9 le interes\u00f3 de los productos de Intrasonic Technology?\r\n        <span class=\"frm_required\"><\/span>\r\n    <\/label>\r\n    \t\t<select name=\"item_meta[82]\" id=\"field_d3o15\"  data-invmsg=\"\u00bfQu\u00e9 le interes\u00f3 de los productos de Intrasonic Technology? no es v\u00e1lido\" aria-invalid=\"false\"  >\n\t\t<option  value=\"\" selected='selected'> <\/option><option  value=\"Price\">Precio<\/option><option  value=\"Features\">Caracter\u00edsticas<\/option><option  value=\"Other\" class=\"frm_other_trigger\">Otro<\/option>\t<\/select>\n\t<label for=\"field_d3o15-otext\" class=\"frm_screen_reader frm_hidden\">\u00bfQu\u00e9 le interes\u00f3 de los productos de Intrasonic Technology?<\/label><input type=\"text\" id=\"field_d3o15-otext\" class=\"frm_other_input frm_pos_none\"  name=\"item_meta[other][82]\" value=\"\" \/>\r\n    \r\n    \r\n<\/div>\n\t<input type=\"hidden\" name=\"item_key\" value=\"\" \/>\n\t\t\t<div id=\"frm_field_107_container\">\n\t\t\t<label for=\"field_n6f5x\" >\n\t\t\t\tSi eres humano, deja este campo en blanco.\t\t\t<\/label>\n\t\t\t<input  id=\"field_n6f5x\" type=\"text\" class=\"frm_form_field form-field frm_verify\" name=\"item_meta[107]\" value=\"\"  \/>\n\t\t<\/div>\n\t\t<input name=\"frm_state\" type=\"hidden\" value=\"iPDiww1jfM+0cXCFjQ1WbxRad2coP9TO5CbeuhJMzU5BjcVdXE8WEJpGFR\/crQTI\" \/><div class=\"frm_submit\">\r\n\r\n<button class=\"frm_button_submit frm_final_submit\" type=\"submit\"   formnovalidate=\"formnovalidate\">Enviar<\/button>\r\n\r\n<\/div><\/div>\n<\/fieldset>\n<\/div>\n\n<\/form>\n<\/div>\n\n","protected":false},"excerpt":{"rendered":"Registre su producto","protected":false},"author":1,"featured_media":0,"parent":9307,"menu_order":0,"comment_status":"closed","ping_status":"closed","template":"","meta":{"_acf_changed":false,"om_disable_all_campaigns":false,"_monsterinsights_skip_tracking":false,"_monsterinsights_sitenote_active":false,"_monsterinsights_sitenote_note":"","_monsterinsights_sitenote_category":0,"footnotes":""},"class_list":["post-9298","page","type-page","status-publish","hentry"],"acf":[],"aioseo_notices":[],"_links":{"self":[{"href":"https:\/\/www.intrasonictechnology.com\/es\/wp-json\/wp\/v2\/pages\/9298","targetHints":{"allow":["GET"]}}],"collection":[{"href":"https:\/\/www.intrasonictechnology.com\/es\/wp-json\/wp\/v2\/pages"}],"about":[{"href":"https:\/\/www.intrasonictechnology.com\/es\/wp-json\/wp\/v2\/types\/page"}],"author":[{"embeddable":true,"href":"https:\/\/www.intrasonictechnology.com\/es\/wp-json\/wp\/v2\/users\/1"}],"replies":[{"embeddable":true,"href":"https:\/\/www.intrasonictechnology.com\/es\/wp-json\/wp\/v2\/comments?post=9298"}],"version-history":[{"count":0,"href":"https:\/\/www.intrasonictechnology.com\/es\/wp-json\/wp\/v2\/pages\/9298\/revisions"}],"up":[{"embeddable":true,"href":"https:\/\/www.intrasonictechnology.com\/es\/wp-json\/wp\/v2\/pages\/9307"}],"wp:attachment":[{"href":"https:\/\/www.intrasonictechnology.com\/es\/wp-json\/wp\/v2\/media?parent=9298"}],"curies":[{"name":"wp","href":"https:\/\/api.w.org\/{rel}","templated":true}]}}